{"id":1218,"date":"2022-09-11T12:24:12","date_gmt":"2022-09-11T12:24:12","guid":{"rendered":"http:\/\/www.lmpa.univ-littoral.fr\/SIC\/?page_id=1218"},"modified":"2023-08-19T13:50:31","modified_gmt":"2023-08-19T13:50:31","slug":"seminaire-du-21-octobre-2022-a-lille","status":"publish","type":"page","link":"https:\/\/www-lmpa.univ-littoral.fr\/~sic\/wordpress\/?page_id=1218","title":{"rendered":"S\u00e9minaire du 21 octobre 2022 \u00e0 Lille et par visioconf\u00e9rence"},"content":{"rendered":"<p><strong>Lieu<\/strong> : Universit\u00e9 Lille (Villeneuve-d&#8217;Ascq), Laboratoire de Math\u00e9matiques, B\u00e2timent M2, Salle de R\u00e9union.<\/p>\n<p>Pour venir au campus : <a href=\"https:\/\/sciences-technologies.univ-lille.fr\/filefst\/user_upload\/Faculte-SG\/Pages-Documents\/plan-campus-cite-scientifique.pdf\">plan<\/a> et <a href=\"https:\/\/ktzanev.github.io\/venir-labopp\/\">instructions d\u00e9taill\u00e9es<\/a>.<\/p>\n<p><strong>Organisateurs<\/strong> :<br \/>\nIvo Dell&#8217;Ambrogio <ivo.dellambrogio@univ-lille.fr><br \/>\nAlexis Virelizier <alexis.virelizier@univ-lille.fr><br \/>\nIsar Stubbe <isar.stubbe@univ-littoral.fr><\/isar.stubbe@univ-littoral.fr><\/alexis.virelizier@univ-lille.fr><\/ivo.dellambrogio@univ-lille.fr><\/p>\n<p>Ce SIC est soutenu financi\u00e8rement par la F\u00e9d\u00e9ration de Recherche Math\u00e9matique du Nord-Pas-de-Calais et par le Labex CEMPI.<\/p>\n<p><strong>Inscription<\/strong> :<br \/>\nLa participation au SIC est gratuite. Pour des raisons pratiques, on demande aux participants de s&#8217;inscrire. Pour cela, un simple mail \u00e0 un des organisateurs suffit. Le repas de midi sera offert aux participants inscrits avant le 11 octobre !<\/p>\n<p><strong>Programme<\/strong> :<\/p>\n<p><em>10h15 : Accueil avec caf\u00e9<\/em><br \/>\n10h50 \u2013 11h40 : Manuel Mancini<br \/>\n11h50 \u2013 12h40 : Corentin Vienne<br \/>\n<em>Repas offert aux inscrits<\/em><br \/>\n14h00 \u2013 14h50 : Isar Stubbe<br \/>\n15h00 \u2013 15h50 : Alexander Zimmermann<br \/>\n<em>Pause caf\u00e9<\/em><br \/>\n16h10 \u2013 17h00 : Aur\u00e9lien Djament<\/p>\n<p><strong>Lien zoom pour les expos\u00e9s<\/strong> :<br \/>\n<a href=\"http:\/\/univ-lille-fr.zoom.us\/j\/94199916389?pwd=T29MTkgxRU1Oc0s4RnRuNWMyNXpTUT09\">https:\/\/univ-lille-fr.zoom.us\/j\/94199916389?pwd=T29MTkgxRU1Oc0s4RnRuNWMyNXpTUT09<\/a><\/p>\n<p><strong>Titres et r\u00e9sum\u00e9s (ordre alphab\u00e9tique)<\/strong> :<\/p>\n<p>Aur\u00e9lien Djament &#8211; <em>Foncteurs d&#8217;une cat\u00e9gorie additive vers une cat\u00e9gorie d&#8217;espaces vectoriels de dimension finie<\/em><br \/>\nSoient A une petite cat\u00e9gorie additive et K un corps commutatif. La cat\u00e9gorie F(A;K) des foncteurs de A vers les K-espaces vectoriels est une cat\u00e9gorie ab\u00e9lienne aux bonnes propri\u00e9t\u00e9s, \u00e9tudi\u00e9e dans de nombreux cas particuliers pour des raisons de topologie alg\u00e9brique (Eilenberg-MacLane, Henn-Lannes-Schwartz&#8230;), de th\u00e9orie des repr\u00e9sentations (Auslander, Green&#8230;) ou de K-th\u00e9orie (Suslin, Scorichenko&#8230;). Pour autant, sa structure demeure largement myst\u00e9rieuse. Dans cet expos\u00e9, je discuterai quelques questions g\u00e9n\u00e9rales importantes (souvent ouvertes) sur ces cat\u00e9gories ainsi qu&#8217;un th\u00e9or\u00e8me obtenu dans un travail avec A. Touz\u00e9 et C. Vespa donnant de nombreuses informations sur les foncteurs de F(A;K) qui sont de longueur finie et dont les valeurs sont des espaces vectoriels de dimension finie. Si le temps le permet, j&#8217;\u00e9voquerai certains r\u00e9sultats plus pr\u00e9cis obtenus tout r\u00e9cemment.<\/p>\n<p>Manuel Mancini &#8211; <em>Weak Representability of Actions for Categories of Leibniz algebras and Poisson algebras<\/em><br \/>\nIt is well known that, in the semi-abelian category $\\mathbf{LieAlg}_{\\mathbb{F}}$ of Lie algebras over a field $\\mathbb{F}$ with $\\mathrm{char}(\\mathbb{F})\\neq2$, algebra actions are represented by derivations. From a categorical point of view, this means that the category $\\mathbf{LieAlg}_{\\mathbb{F}}$ is action representable and the representing object, which is called the actor, is the Lie algebra of derivations. The notion of action representable category has proven to be quite restrictive. For example, if a variety $\\mathcal{V}$ of non-associative algebras over ${\\mathbb{F}}$ is action representable, then $\\mathcal{V}$ must be the category $\\mathbf{LieAlg}_{\\mathbb{F}}$. More recently G. Janelidze introduced the notion of weakly action representable category, which includes a wider class of categories. In this talk we explain that the category $\\mathbf{LeibAlg}_{\\mathbb{F}}$ of Leibniz algebras and the category $\\mathbf{Pois}_{\\mathbb{F}}$ of Poisson algebras are weakly action representable. In both cases we give a construction of the weak actor $[X]$ of a fixed object $X$ and, given two objects $X,B$, we provide a complete description of the acting morphisms $B\\to[X]$, i.e. of the morphisms which identify the split extensions of $B$ by $X$. This is joint work with Alan Cigoli (University of Turin) and Giuseppe Metere (University of Palermo).<\/p>\n<p>Isar Stubbe &#8211; <em>Une analyse logique du th\u00e9or\u00e8me du point fixe<\/em><br \/>\nEn 1922, S. Banach a d\u00e9montr\u00e9 que toute contraction sur un espace m\u00e9trique complet admet un unique point fixe. En 1973, B. Lawvere a montr\u00e9 que les espaces m\u00e9triques sont des cat\u00e9gories enrichies dans le quantale $([0,\\infty],+,0)$. Il est donc naturel de chercher un th\u00e9or\u00e8me du point fixe dans le cadre des cat\u00e9gories enrichies dans un quantale. Je vais montrer un tel r\u00e9sultat, pour des cat\u00e9gories &#8220;suffisamment compl\u00e8tes&#8221;, des contractions &#8220;suffisamment fortes&#8221;, et des quantales &#8220;suffisamment continus&#8221;. A ce jour, les exemples incluent les espaces m\u00e9triques, les ordres flous (&#8220;fuzzy ordered sets&#8221;), et les espaces metriques al\u00e9atoires. (Travail en collaboration avec A. Benkhadra.)<\/p>\n<p>Corentin Vienne &#8211; <em>Quelques propri\u00e9t\u00e9s cat\u00e9goriques sur les Heyting semilattices<\/em><br \/>\nDans son article &#8220;A note on the semiabelian variety of Heyting semilattices&#8221;, P. Johnstone d\u00e9montre, en utilisant la caract\u00e9risation de Bourn-Janelidze des vari\u00e9t\u00e9s protomodulaires en alg\u00e8bre universelle, que la cat\u00e9gorie des Heyting semilattices est semi-ab\u00e9lienne d&#8217;une fa\u00e7on inhabituelle. Durant cet expos\u00e9, je commencerai par rappeler en quoi cette cat\u00e9gorie diff\u00e8re de celles couramment \u00e9tudi\u00e9es dans le cadre semi-ab\u00e9lien. Ensuite, je partagerai d&#8217;autres observations plus r\u00e9centes que nous avons pu faire sur cette cat\u00e9gorie et qui la rend, \u00e0 mon sens, curieuse et digne d&#8217;int\u00e9r\u00eat. Enfin, j&#8217;\u00e9voquerai quelques questions d&#8217;ordre cat\u00e9gorique qui restent en suspens suite \u00e0 ces investigations.<br \/>\n<a href=\"http:\/\/www-lmpa.univ-littoral.fr\/~sic\/wordpress\/wp-content\/uploads\/2022\/10\/Corentin_Vienne_Notes.pdf\">Notes de Corentin Vienne<\/a><\/p>\n<p>Alexander Zimmermann &#8211; <em>Th\u00e9or\u00e8me de Clifford pour les cat\u00e9gories d&#8217;orbites<\/em><br \/>\nEtant donn\u00e9e une cat\u00e9gorie k-lin\u00e9aire et une action de groupe sur cette cat\u00e9gorie, des cat\u00e9gories d\u2019orbites ont \u00e9t\u00e9 introduit par Gabriel et Riedtmann dans une s\u00e9rie d\u2019articles \u00e0 partir de 1980 pour obtenir une classification des alg\u00e8bres de type de repr\u00e9sentations fini, c\u2019est-\u00e0-dire avec un nombre fini de classes d\u2019isomorphismes d\u2019objets ind\u00e9composables. Ensuite les cat\u00e9gories d\u2019orbites ont \u00e9t\u00e9 utilis\u00e9 dans la th\u00e9orie des alg\u00e8bres amass\u00e9es, et ind\u00e9pendamment dans la th\u00e9orie des groupes quantiques. On consid\u00e8re ici le comportement des cat\u00e9gories d\u2019orbites par rapport aux sous-groupes distingu\u00e9s. En repr\u00e9sentations de groupes cette situation est d\u00e9crit par le th\u00e9or\u00e8me de Clifford datant de 1937. Je pr\u00e9sente ici une version de ce th\u00e9or\u00e8me de Clifford pour les cat\u00e9gories d\u2019orbites.<\/p>\n<p><strong>Participants (ordre d&#8217;inscription)<\/strong> :<br \/>\nIvo Dell&#8217;Ambrogio (Universit\u00e9 de Lille)<br \/>\nAlexis Virelizier (Universit\u00e9 de Lille)<br \/>\nIsar Stubbe (Universit\u00e9 du Littoral)<br \/>\nAndr\u00e9e Ehresmann (Universit\u00e9 d&#8217;Amiens; participe \u00e0 distance)<br \/>\nJohn F. Robert (Bruxelles)<br \/>\nPhilippe Gaucher (CNRS, Universit\u00e9 de Paris; participe \u00e0 distance)<br \/>\nTim Van der Linden (Universit\u00e9 de Louvain)<br \/>\nDaniel Tanr\u00e9 (Universit\u00e9 de Lille)<br \/>\nCorentin Vienne (Universit\u00e9 de Louvain)<br \/>\nJacques Darne (Universit\u00e9 de Louvain)<br \/>\nMaxime Culot (Universit\u00e9 de Louvain)<br \/>\nAline Michel (Universit\u00e9 de Louvain)<br \/>\nNadja Egner (Universit\u00e9 de Louvain)<br \/>\nNicola Carissimi (Universit\u00e9 de Lille)<br \/>\nIacopo Giordano (Universit\u00e9 de Lille)<br \/>\nSophie d&#8217;Espalungue (Universit\u00e9 de Lille)<br \/>\nAntoine Touz\u00e9 (Universit\u00e9 de Lille)<br \/>\nAlexander Zimmermann (Universit\u00e9 d&#8217;Amiens)<br \/>\nAur\u00e9lien Djament (Universit\u00e9 de Lille)<br \/>\nBo Shan Deval (Universit\u00e9 de Louvain; participe \u00e0 distance)<br \/>\nManuel Mancini (Universit\u00e9 de Palerme; participe \u00e0 distance)<br \/>\nDavid Forsman (Universit\u00e9 de Louvain; participe \u00e0 distance)<br \/>\nRuben Martos (Universit\u00e9 de Lille)<br \/>\nMarvin Verstraete (Universit\u00e9 de Lille)<br \/>\nIvan Bartulovic (Universit\u00e9 de Lille)<br \/>\nDominique Bourn (Universit\u00e9 du Littoral; participe \u00e0 distance)<br \/>\nRichard Mijoule (Lyon; participe \u00e0 distance)<br \/>\nS\u00e9bastien Mattenet (Universit\u00e9 de Louvain)<br \/>\nHuafeng Zhang (Universit\u00e9 de Lille)<br \/>\nElisabeth Vaugelade (Paris; participe \u00e0 distance)<br \/>\nJean-Pierre Laffineur (Aix-en-Provence; participe \u00e0 distance)<\/p>\n","protected":false},"excerpt":{"rendered":"<p>Lieu : Universit\u00e9 Lille (Villeneuve-d&#8217;Ascq), Laboratoire de Math\u00e9matiques, B\u00e2timent M2, Salle de R\u00e9union. Pour venir au campus : plan et instructions d\u00e9taill\u00e9es. Organisateurs : Ivo Dell&#8217;Ambrogio Alexis Virelizier Isar Stubbe Ce SIC est soutenu financi\u00e8rement par la F\u00e9d\u00e9ration de Recherche Math\u00e9matique du Nord-Pas-de-Calais et par le Labex CEMPI. Inscription : La participation au SIC est [&hellip;]<\/p>\n","protected":false},"author":1,"featured_media":0,"parent":96,"menu_order":0,"comment_status":"closed","ping_status":"closed","template":"","meta":[],"_links":{"self":[{"href":"https:\/\/www-lmpa.univ-littoral.fr\/~sic\/wordpress\/index.php?rest_route=\/wp\/v2\/pages\/1218"}],"collection":[{"href":"https:\/\/www-lmpa.univ-littoral.fr\/~sic\/wordpress\/index.php?rest_route=\/wp\/v2\/pages"}],"about":[{"href":"https:\/\/www-lmpa.univ-littoral.fr\/~sic\/wordpress\/index.php?rest_route=\/wp\/v2\/types\/page"}],"author":[{"embeddable":true,"href":"https:\/\/www-lmpa.univ-littoral.fr\/~sic\/wordpress\/index.php?rest_route=\/wp\/v2\/users\/1"}],"replies":[{"embeddable":true,"href":"https:\/\/www-lmpa.univ-littoral.fr\/~sic\/wordpress\/index.php?rest_route=%2Fwp%2Fv2%2Fcomments&post=1218"}],"version-history":[{"count":3,"href":"https:\/\/www-lmpa.univ-littoral.fr\/~sic\/wordpress\/index.php?rest_route=\/wp\/v2\/pages\/1218\/revisions"}],"predecessor-version":[{"id":1302,"href":"https:\/\/www-lmpa.univ-littoral.fr\/~sic\/wordpress\/index.php?rest_route=\/wp\/v2\/pages\/1218\/revisions\/1302"}],"up":[{"embeddable":true,"href":"https:\/\/www-lmpa.univ-littoral.fr\/~sic\/wordpress\/index.php?rest_route=\/wp\/v2\/pages\/96"}],"wp:attachment":[{"href":"https:\/\/www-lmpa.univ-littoral.fr\/~sic\/wordpress\/index.php?rest_route=%2Fwp%2Fv2%2Fmedia&parent=1218"}],"curies":[{"name":"wp","href":"https:\/\/api.w.org\/{rel}","templated":true}]}}