{"id":127,"date":"2005-05-01T14:19:58","date_gmt":"2005-05-01T14:19:58","guid":{"rendered":"http:\/\/localhost\/~isarstubbe\/wordpress\/?page_id=127"},"modified":"2005-05-01T14:19:58","modified_gmt":"2005-05-01T14:19:58","slug":"seminaire-de-novembre-2005-a-calais","status":"publish","type":"page","link":"https:\/\/www-lmpa.univ-littoral.fr\/~sic\/wordpress\/?page_id=127","title":{"rendered":"S\u00e9minaire du 13 mai 2005 \u00e0 Calais"},"content":{"rendered":"<p>Organisation: Dominique Bourn et Marino Gran<\/p>\n<p>Lieu: Universit\u00e9 du Littoral-C\u00f4te d&#8217;Opale \u00e0 Calais, Salle B014.<\/p>\n<p>Programme:<\/p>\n<p>12h15  D\u00e9jeuner d&#8217;accueil  (Salle B013)<\/p>\n<p>14h00  &#8211; 14h45 Jiri Rosicky (Brno) : &#8220;Sous-cat\u00e9gories  localisantes dans les cat\u00e9gories homotopiques stables&#8221;<\/p>\n<p>14h50 &#8211; 15h35 Albert Burroni (Paris) : &#8220;Arborescences  polygraphiques&#8221;<\/p>\n<p>15h40 &#8211; 16h25 Vincent Schmitt (Leicester) : &#8220;Cat\u00e9gories  enrichies avec des colimites donn\u00e9es&#8221;<\/p>\n<p>Pause caf\u00e9<\/p>\n<p>17h00 &#8211; 17h45 Diana Rodelo (Faro) : &#8220;Sommes de Baer  dans les cat\u00e9gories de Moore&#8221;<\/p>\n<p>17h50 &#8211; 18h35 Tim Van der Linden (Bruxelles) : &#8220;Quelques mots sur l&#8217;homologie des cat\u00e9gories internes&#8221;<\/p>\n","protected":false},"excerpt":{"rendered":"<p>Organisation: Dominique Bourn et Marino Gran Lieu: Universit\u00e9 du Littoral-C\u00f4te d&#8217;Opale \u00e0 Calais, Salle B014. Programme: 12h15 D\u00e9jeuner d&#8217;accueil (Salle B013) 14h00 &#8211; 14h45 Jiri Rosicky (Brno) : &#8220;Sous-cat\u00e9gories localisantes dans les cat\u00e9gories homotopiques stables&#8221; 14h50 &#8211; 15h35 Albert Burroni (Paris) : &#8220;Arborescences polygraphiques&#8221; 15h40 &#8211; 16h25 Vincent Schmitt (Leicester) : &#8220;Cat\u00e9gories enrichies avec des [&hellip;]<\/p>\n","protected":false},"author":1,"featured_media":0,"parent":96,"menu_order":0,"comment_status":"closed","ping_status":"closed","template":"","meta":[],"_links":{"self":[{"href":"https:\/\/www-lmpa.univ-littoral.fr\/~sic\/wordpress\/index.php?rest_route=\/wp\/v2\/pages\/127"}],"collection":[{"href":"https:\/\/www-lmpa.univ-littoral.fr\/~sic\/wordpress\/index.php?rest_route=\/wp\/v2\/pages"}],"about":[{"href":"https:\/\/www-lmpa.univ-littoral.fr\/~sic\/wordpress\/index.php?rest_route=\/wp\/v2\/types\/page"}],"author":[{"embeddable":true,"href":"https:\/\/www-lmpa.univ-littoral.fr\/~sic\/wordpress\/index.php?rest_route=\/wp\/v2\/users\/1"}],"replies":[{"embeddable":true,"href":"https:\/\/www-lmpa.univ-littoral.fr\/~sic\/wordpress\/index.php?rest_route=%2Fwp%2Fv2%2Fcomments&post=127"}],"version-history":[{"count":0,"href":"https:\/\/www-lmpa.univ-littoral.fr\/~sic\/wordpress\/index.php?rest_route=\/wp\/v2\/pages\/127\/revisions"}],"up":[{"embeddable":true,"href":"https:\/\/www-lmpa.univ-littoral.fr\/~sic\/wordpress\/index.php?rest_route=\/wp\/v2\/pages\/96"}],"wp:attachment":[{"href":"https:\/\/www-lmpa.univ-littoral.fr\/~sic\/wordpress\/index.php?rest_route=%2Fwp%2Fv2%2Fmedia&parent=127"}],"curies":[{"name":"wp","href":"https:\/\/api.w.org\/{rel}","templated":true}]}}