{"id":130,"date":"2005-10-07T14:22:42","date_gmt":"2005-10-07T14:22:42","guid":{"rendered":"http:\/\/localhost\/~isarstubbe\/wordpress\/?page_id=130"},"modified":"2005-10-07T14:22:42","modified_gmt":"2005-10-07T14:22:42","slug":"seminaire-du-7-au-10-octobre-2005-a-amiens","status":"publish","type":"page","link":"https:\/\/www-lmpa.univ-littoral.fr\/~sic\/wordpress\/?page_id=130","title":{"rendered":"S\u00e9minaire du 8-9 octobre 2005 \u00e0 Amiens"},"content":{"rendered":"<p>Session du SIC partie prenante du Colloque &#8220;Charles Ehresmann, 100 ans&#8221;. Pour plus d&#8217;information, suivez ce lien: <a href=\"http:\/\/pagesperso-orange.fr\/vbm-ehr\/ChEh\">http:\/\/pagesperso-orange.fr\/vbm-ehr\/ChEh<\/a><\/p>\n<p>Organisation: Andr\u00e9e C. Ehresmann (Amiens), Elisabeth Vaugelade (Amiens), Francis Borceux (Louvain La Neuve), Georges Fare (Washington), Jean-Paul Vanbremeersch (Amiens)<\/p>\n<p>Lieu: Universit\u00e9 de Picardie Jules Verne \u00e0 Amiens, Amphith\u00e9\u00e2tre Ehresmann<\/p>\n<p>Programme: <\/p>\n<p>Samedi 8 octobre 2005<\/p>\n<p>8H45 Andr\u00e9 Joyal (Universit\u00e9 de Montr\u00e9al, Canada) :\tThe G\u00f6del incompleteness theorem, a categorical approach  <\/p>\n<p>9H30 Horst Ibisch (Universit\u00e9 de Nantes, France) : Diagrammes d&#8217;espaces fibr\u00e9s principaux et sph\u00e8res d&#8217;homologie<\/p>\n<p>10H30 Nishimura Hirokazu (University of Tsukuba, Japon) : Three synthetic approaches to total differentials<\/p>\n<p>11H15 Jacques Penon (Universit\u00e9 Paris VII, France) : $\\infty$-cat\u00e9gorification de structures \u00e9quationnelles<\/p>\n<p>14H \tPaulette Libermann (Universit\u00e9 Paris VII, France) : C. Ehresmann and Differential Geometry \t  \t  <\/p>\n<p>14H45 Eduardo Dubuc (Buenos Aires, Argentine) : Bifiltered colimits of categories<\/p>\n<p>15H30 Jean Pradines (Universit\u00e9 de Toulouse, France) : Preordered sets, granular topologies and \u0160tefan foliations \t  \t<\/p>\n<p>16H30 Anders Kock (Aarhus Universitet, Danemark) : A synthetic theory of envelopes of families of curves or surfaces<\/p>\n<p>Dimanche 9 octobre:<\/p>\n<p>8H45  Jean Benabou (Universit\u00e9 Paris XIII, France) : Locally small cartesian functors  \t   \t \t<\/p>\n<p>9H30 Fred Linton (Wesleyan University, Middletown, USA) : Variance vs. Volition<\/p>\n<p>10H30 Albert Burroni (Universit\u00e9 Paris VII, France) : Une autre approche des orientaux de Street<\/p>\n<p>11H15 Marta Bunge (McGill University, Montr\u00e9al, Canada) : On two non-discrete localic generalizations of $\\pi_0$<\/p>\n<p>14H \tRonnie Brown (University College of N.W. Bangor, G.-B.) : Groupoid atlases: an Introduction<\/p>\n<p>14H45 Dominique Bourn (Universit\u00e9 du Littoral, France) : Action groupoids in protomodular categories<\/p>\n<p>15H30 Marco Grandis (Universita de Genova, Italie) : A few points on directed Algebraic Topology<\/p>\n","protected":false},"excerpt":{"rendered":"<p>Session du SIC partie prenante du Colloque &#8220;Charles Ehresmann, 100 ans&#8221;. Pour plus d&#8217;information, suivez ce lien: http:\/\/pagesperso-orange.fr\/vbm-ehr\/ChEh Organisation: Andr\u00e9e C. Ehresmann (Amiens), Elisabeth Vaugelade (Amiens), Francis Borceux (Louvain La Neuve), Georges Fare (Washington), Jean-Paul Vanbremeersch (Amiens) Lieu: Universit\u00e9 de Picardie Jules Verne \u00e0 Amiens, Amphith\u00e9\u00e2tre Ehresmann Programme: Samedi 8 octobre 2005 8H45 Andr\u00e9 Joyal [&hellip;]<\/p>\n","protected":false},"author":1,"featured_media":0,"parent":96,"menu_order":0,"comment_status":"closed","ping_status":"closed","template":"","meta":[],"_links":{"self":[{"href":"https:\/\/www-lmpa.univ-littoral.fr\/~sic\/wordpress\/index.php?rest_route=\/wp\/v2\/pages\/130"}],"collection":[{"href":"https:\/\/www-lmpa.univ-littoral.fr\/~sic\/wordpress\/index.php?rest_route=\/wp\/v2\/pages"}],"about":[{"href":"https:\/\/www-lmpa.univ-littoral.fr\/~sic\/wordpress\/index.php?rest_route=\/wp\/v2\/types\/page"}],"author":[{"embeddable":true,"href":"https:\/\/www-lmpa.univ-littoral.fr\/~sic\/wordpress\/index.php?rest_route=\/wp\/v2\/users\/1"}],"replies":[{"embeddable":true,"href":"https:\/\/www-lmpa.univ-littoral.fr\/~sic\/wordpress\/index.php?rest_route=%2Fwp%2Fv2%2Fcomments&post=130"}],"version-history":[{"count":0,"href":"https:\/\/www-lmpa.univ-littoral.fr\/~sic\/wordpress\/index.php?rest_route=\/wp\/v2\/pages\/130\/revisions"}],"up":[{"embeddable":true,"href":"https:\/\/www-lmpa.univ-littoral.fr\/~sic\/wordpress\/index.php?rest_route=\/wp\/v2\/pages\/96"}],"wp:attachment":[{"href":"https:\/\/www-lmpa.univ-littoral.fr\/~sic\/wordpress\/index.php?rest_route=%2Fwp%2Fv2%2Fmedia&parent=130"}],"curies":[{"name":"wp","href":"https:\/\/api.w.org\/{rel}","templated":true}]}}