{"id":135,"date":"2003-11-08T14:26:52","date_gmt":"2003-11-08T14:26:52","guid":{"rendered":"http:\/\/localhost\/~isarstubbe\/wordpress\/?page_id=135"},"modified":"2003-11-08T14:26:52","modified_gmt":"2003-11-08T14:26:52","slug":"seminaire-du-8-novembre-2003-a-amiens","status":"publish","type":"page","link":"https:\/\/www-lmpa.univ-littoral.fr\/~sic\/wordpress\/?page_id=135","title":{"rendered":"S\u00e9minaire du 8 novembre 2003 \u00e0 Amiens"},"content":{"rendered":"<p>Organisation: A. Ehresmann, E. Vaughelade<\/p>\n<p>Lieu: Universit\u00e9 de Picardie, Amiens<\/p>\n<p>Programme:<\/p>\n<p>10h00: R. Guitart &#8211; Th\u00e9orie cohomologique du sens<\/p>\n<p>10h50: L. Santocanale &#8211; Quelques mots sur les arbres infinis<\/p>\n<p>11h30: A. Zimmerman &#8211; Anneaux de foncteurs polynomiaux<\/p>\n<p>14h15: M. Gran &#8211; Foncteurs adjoints dans les vari\u00e9t\u00e9s modulaires<\/p>\n<p>14h50: V. Schmitt &#8211; Pr\u00e9faisceaux plats dans le contexte enrichi<\/p>\n<p>15h30: Ph. Malbos &#8211; Propri\u00e9t\u00e9 de Church-Rosser et homologie des th\u00e9ories alg\u00e9briques<\/p>\n","protected":false},"excerpt":{"rendered":"<p>Organisation: A. Ehresmann, E. Vaughelade Lieu: Universit\u00e9 de Picardie, Amiens Programme: 10h00: R. Guitart &#8211; Th\u00e9orie cohomologique du sens 10h50: L. Santocanale &#8211; Quelques mots sur les arbres infinis 11h30: A. Zimmerman &#8211; Anneaux de foncteurs polynomiaux 14h15: M. Gran &#8211; Foncteurs adjoints dans les vari\u00e9t\u00e9s modulaires 14h50: V. Schmitt &#8211; Pr\u00e9faisceaux plats dans le [&hellip;]<\/p>\n","protected":false},"author":1,"featured_media":0,"parent":96,"menu_order":0,"comment_status":"closed","ping_status":"closed","template":"","meta":[],"_links":{"self":[{"href":"https:\/\/www-lmpa.univ-littoral.fr\/~sic\/wordpress\/index.php?rest_route=\/wp\/v2\/pages\/135"}],"collection":[{"href":"https:\/\/www-lmpa.univ-littoral.fr\/~sic\/wordpress\/index.php?rest_route=\/wp\/v2\/pages"}],"about":[{"href":"https:\/\/www-lmpa.univ-littoral.fr\/~sic\/wordpress\/index.php?rest_route=\/wp\/v2\/types\/page"}],"author":[{"embeddable":true,"href":"https:\/\/www-lmpa.univ-littoral.fr\/~sic\/wordpress\/index.php?rest_route=\/wp\/v2\/users\/1"}],"replies":[{"embeddable":true,"href":"https:\/\/www-lmpa.univ-littoral.fr\/~sic\/wordpress\/index.php?rest_route=%2Fwp%2Fv2%2Fcomments&post=135"}],"version-history":[{"count":0,"href":"https:\/\/www-lmpa.univ-littoral.fr\/~sic\/wordpress\/index.php?rest_route=\/wp\/v2\/pages\/135\/revisions"}],"up":[{"embeddable":true,"href":"https:\/\/www-lmpa.univ-littoral.fr\/~sic\/wordpress\/index.php?rest_route=\/wp\/v2\/pages\/96"}],"wp:attachment":[{"href":"https:\/\/www-lmpa.univ-littoral.fr\/~sic\/wordpress\/index.php?rest_route=%2Fwp%2Fv2%2Fmedia&parent=135"}],"curies":[{"name":"wp","href":"https:\/\/api.w.org\/{rel}","templated":true}]}}