{"id":162,"date":"1995-03-01T11:45:43","date_gmt":"1995-03-01T11:45:43","guid":{"rendered":"http:\/\/www.lmpa.univ-littoral.fr\/SIC\/?page_id=162"},"modified":"1995-03-01T11:45:43","modified_gmt":"1995-03-01T11:45:43","slug":"seminaire-de-mars-1995-a-dunkerque","status":"publish","type":"page","link":"https:\/\/www-lmpa.univ-littoral.fr\/~sic\/wordpress\/?page_id=162","title":{"rendered":"S\u00e9minaire du 25 mars 1995 \u00e0 Dunkerque"},"content":{"rendered":"<p>Lieu: Universit\u00e9 du Littoral, Dunkerque<\/p>\n<p>Programme:<\/p>\n<p>9h45 &#8211; 10h30: E. Vitale &#8211; Groupe de Brauer et distributeur<\/p>\n<p>10h45 &#8211; 11h30: Y. Diers &#8211; Caract\u00e9risation des cat\u00e9gories d&#8217;alg\u00e8bres<\/p>\n<p>14h &#8211; 14h20: L. Nison &#8211; G\u00e9om\u00e9trie rationnelle \u00e9l\u00e9mentaire<\/p>\n<p>14h30 &#8211; 15h15: R. Guitart &#8211; Logique sp\u00e9culaire et homologie<\/p>\n","protected":false},"excerpt":{"rendered":"<p>Lieu: Universit\u00e9 du Littoral, Dunkerque Programme: 9h45 &#8211; 10h30: E. Vitale &#8211; Groupe de Brauer et distributeur 10h45 &#8211; 11h30: Y. Diers &#8211; Caract\u00e9risation des cat\u00e9gories d&#8217;alg\u00e8bres 14h &#8211; 14h20: L. Nison &#8211; G\u00e9om\u00e9trie rationnelle \u00e9l\u00e9mentaire 14h30 &#8211; 15h15: R. Guitart &#8211; Logique sp\u00e9culaire et homologie<\/p>\n","protected":false},"author":1,"featured_media":0,"parent":96,"menu_order":0,"comment_status":"closed","ping_status":"closed","template":"","meta":[],"_links":{"self":[{"href":"https:\/\/www-lmpa.univ-littoral.fr\/~sic\/wordpress\/index.php?rest_route=\/wp\/v2\/pages\/162"}],"collection":[{"href":"https:\/\/www-lmpa.univ-littoral.fr\/~sic\/wordpress\/index.php?rest_route=\/wp\/v2\/pages"}],"about":[{"href":"https:\/\/www-lmpa.univ-littoral.fr\/~sic\/wordpress\/index.php?rest_route=\/wp\/v2\/types\/page"}],"author":[{"embeddable":true,"href":"https:\/\/www-lmpa.univ-littoral.fr\/~sic\/wordpress\/index.php?rest_route=\/wp\/v2\/users\/1"}],"replies":[{"embeddable":true,"href":"https:\/\/www-lmpa.univ-littoral.fr\/~sic\/wordpress\/index.php?rest_route=%2Fwp%2Fv2%2Fcomments&post=162"}],"version-history":[{"count":0,"href":"https:\/\/www-lmpa.univ-littoral.fr\/~sic\/wordpress\/index.php?rest_route=\/wp\/v2\/pages\/162\/revisions"}],"up":[{"embeddable":true,"href":"https:\/\/www-lmpa.univ-littoral.fr\/~sic\/wordpress\/index.php?rest_route=\/wp\/v2\/pages\/96"}],"wp:attachment":[{"href":"https:\/\/www-lmpa.univ-littoral.fr\/~sic\/wordpress\/index.php?rest_route=%2Fwp%2Fv2%2Fmedia&parent=162"}],"curies":[{"name":"wp","href":"https:\/\/api.w.org\/{rel}","templated":true}]}}