{"id":170,"date":"1998-03-01T11:47:57","date_gmt":"1998-03-01T11:47:57","guid":{"rendered":"http:\/\/www.lmpa.univ-littoral.fr\/SIC\/?page_id=170"},"modified":"1998-03-01T11:47:57","modified_gmt":"1998-03-01T11:47:57","slug":"seminaire-de-mars-1998-a-amiens","status":"publish","type":"page","link":"https:\/\/www-lmpa.univ-littoral.fr\/~sic\/wordpress\/?page_id=170","title":{"rendered":"S\u00e9minaire du 21 mars 1998 \u00e0 Amiens"},"content":{"rendered":"<p>Lieu: Universit\u00e9 de Picardie, Amiens, Salle C 101<\/p>\n<p>Organisation: E. Vaugelade<\/p>\n<p>Programme:<\/p>\n<p>11h00: E. Vitale &#8211; Sur la compl\u00e9tion exacte de la cat\u00e9gorie de l&#8217;homotopie<\/p>\n<p>11h35: A. Zimmerman &#8211; Auto\u00e9quivalences des cat\u00e9gories d\u00e9riv\u00e9es: le groupe de Picard et groupes de tresses<\/p>\n<p>14h30: R. Guitart &#8211; La pulsation ensembliste (suite)<\/p>\n<p>15h30: J. Penon &#8211; 2-cat\u00e9gories non strictes et bicat\u00e9gories<\/p>\n","protected":false},"excerpt":{"rendered":"<p>Lieu: Universit\u00e9 de Picardie, Amiens, Salle C 101 Organisation: E. Vaugelade Programme: 11h00: E. Vitale &#8211; Sur la compl\u00e9tion exacte de la cat\u00e9gorie de l&#8217;homotopie 11h35: A. Zimmerman &#8211; Auto\u00e9quivalences des cat\u00e9gories d\u00e9riv\u00e9es: le groupe de Picard et groupes de tresses 14h30: R. Guitart &#8211; La pulsation ensembliste (suite) 15h30: J. Penon &#8211; 2-cat\u00e9gories non [&hellip;]<\/p>\n","protected":false},"author":1,"featured_media":0,"parent":96,"menu_order":0,"comment_status":"closed","ping_status":"closed","template":"","meta":[],"_links":{"self":[{"href":"https:\/\/www-lmpa.univ-littoral.fr\/~sic\/wordpress\/index.php?rest_route=\/wp\/v2\/pages\/170"}],"collection":[{"href":"https:\/\/www-lmpa.univ-littoral.fr\/~sic\/wordpress\/index.php?rest_route=\/wp\/v2\/pages"}],"about":[{"href":"https:\/\/www-lmpa.univ-littoral.fr\/~sic\/wordpress\/index.php?rest_route=\/wp\/v2\/types\/page"}],"author":[{"embeddable":true,"href":"https:\/\/www-lmpa.univ-littoral.fr\/~sic\/wordpress\/index.php?rest_route=\/wp\/v2\/users\/1"}],"replies":[{"embeddable":true,"href":"https:\/\/www-lmpa.univ-littoral.fr\/~sic\/wordpress\/index.php?rest_route=%2Fwp%2Fv2%2Fcomments&post=170"}],"version-history":[{"count":0,"href":"https:\/\/www-lmpa.univ-littoral.fr\/~sic\/wordpress\/index.php?rest_route=\/wp\/v2\/pages\/170\/revisions"}],"up":[{"embeddable":true,"href":"https:\/\/www-lmpa.univ-littoral.fr\/~sic\/wordpress\/index.php?rest_route=\/wp\/v2\/pages\/96"}],"wp:attachment":[{"href":"https:\/\/www-lmpa.univ-littoral.fr\/~sic\/wordpress\/index.php?rest_route=%2Fwp%2Fv2%2Fmedia&parent=170"}],"curies":[{"name":"wp","href":"https:\/\/api.w.org\/{rel}","templated":true}]}}