{"id":173,"date":"1997-03-01T11:48:34","date_gmt":"1997-03-01T11:48:34","guid":{"rendered":"http:\/\/www.lmpa.univ-littoral.fr\/SIC\/?page_id=173"},"modified":"1997-03-01T11:48:34","modified_gmt":"1997-03-01T11:48:34","slug":"seminaire-de-mars-1997-a-paris","status":"publish","type":"page","link":"https:\/\/www-lmpa.univ-littoral.fr\/~sic\/wordpress\/?page_id=173","title":{"rendered":"S\u00e9minaire du 22 mars 1997 \u00e0 Paris"},"content":{"rendered":"<p>Lieu: Paris 7 (Jussieu), Salle 401<\/p>\n<p>Organisation: P. Damphousse et R. Guitart<\/p>\n<p>Programme:<\/p>\n<p>10h30: E. Vitale &#8211; Localisation des cat\u00e9gories de modules<\/p>\n<p>11h30: J. Riguet &#8211; R\u00e9seaux, processus, et cat\u00e9gories autonomes<\/p>\n<p>14h15: C. Lair &#8211; La suffisante compl\u00e9tude connexe, d&#8217;apr\u00e8s les travaux de Florence Cury<\/p>\n<p>15h15: R. Guitart &#8211; Dualit\u00e9 des monades<\/p>\n","protected":false},"excerpt":{"rendered":"<p>Lieu: Paris 7 (Jussieu), Salle 401 Organisation: P. Damphousse et R. Guitart Programme: 10h30: E. Vitale &#8211; Localisation des cat\u00e9gories de modules 11h30: J. Riguet &#8211; R\u00e9seaux, processus, et cat\u00e9gories autonomes 14h15: C. Lair &#8211; La suffisante compl\u00e9tude connexe, d&#8217;apr\u00e8s les travaux de Florence Cury 15h15: R. Guitart &#8211; Dualit\u00e9 des monades<\/p>\n","protected":false},"author":1,"featured_media":0,"parent":96,"menu_order":0,"comment_status":"closed","ping_status":"closed","template":"","meta":[],"_links":{"self":[{"href":"https:\/\/www-lmpa.univ-littoral.fr\/~sic\/wordpress\/index.php?rest_route=\/wp\/v2\/pages\/173"}],"collection":[{"href":"https:\/\/www-lmpa.univ-littoral.fr\/~sic\/wordpress\/index.php?rest_route=\/wp\/v2\/pages"}],"about":[{"href":"https:\/\/www-lmpa.univ-littoral.fr\/~sic\/wordpress\/index.php?rest_route=\/wp\/v2\/types\/page"}],"author":[{"embeddable":true,"href":"https:\/\/www-lmpa.univ-littoral.fr\/~sic\/wordpress\/index.php?rest_route=\/wp\/v2\/users\/1"}],"replies":[{"embeddable":true,"href":"https:\/\/www-lmpa.univ-littoral.fr\/~sic\/wordpress\/index.php?rest_route=%2Fwp%2Fv2%2Fcomments&post=173"}],"version-history":[{"count":0,"href":"https:\/\/www-lmpa.univ-littoral.fr\/~sic\/wordpress\/index.php?rest_route=\/wp\/v2\/pages\/173\/revisions"}],"up":[{"embeddable":true,"href":"https:\/\/www-lmpa.univ-littoral.fr\/~sic\/wordpress\/index.php?rest_route=\/wp\/v2\/pages\/96"}],"wp:attachment":[{"href":"https:\/\/www-lmpa.univ-littoral.fr\/~sic\/wordpress\/index.php?rest_route=%2Fwp%2Fv2%2Fmedia&parent=173"}],"curies":[{"name":"wp","href":"https:\/\/api.w.org\/{rel}","templated":true}]}}