{"id":192,"date":"1998-06-01T12:08:18","date_gmt":"1998-06-01T12:08:18","guid":{"rendered":"http:\/\/www.lmpa.univ-littoral.fr\/SIC\/?page_id=192"},"modified":"1998-06-01T12:08:18","modified_gmt":"1998-06-01T12:08:18","slug":"seminaire-de-juin-1998-a-dunkerque","status":"publish","type":"page","link":"https:\/\/www-lmpa.univ-littoral.fr\/~sic\/wordpress\/?page_id=192","title":{"rendered":"S\u00e9minaire du 13 juin 1998 \u00e0 Dunkerque"},"content":{"rendered":"<p>Lieu: Universit\u00e9 du Littoral, Dunkerque<\/p>\n<p>Organisation: D. Bourn<\/p>\n<p>Programme:<\/p>\n<p>10h00: Y. Diers &#8211; La th\u00e9orie de Galois des $K$-alg\u00e8bres alg\u00e9briques<\/p>\n<p>11h00: A. Burroni &#8211; Th\u00e8mes polygraphiques<\/p>\n<p>14h30: M. Kelly &#8211; La structure alg\u00e9brique canonique d&#8217;une cat\u00e9gorie<\/p>\n","protected":false},"excerpt":{"rendered":"<p>Lieu: Universit\u00e9 du Littoral, Dunkerque Organisation: D. Bourn Programme: 10h00: Y. Diers &#8211; La th\u00e9orie de Galois des $K$-alg\u00e8bres alg\u00e9briques 11h00: A. Burroni &#8211; Th\u00e8mes polygraphiques 14h30: M. Kelly &#8211; La structure alg\u00e9brique canonique d&#8217;une cat\u00e9gorie<\/p>\n","protected":false},"author":1,"featured_media":0,"parent":96,"menu_order":0,"comment_status":"closed","ping_status":"closed","template":"","meta":[],"_links":{"self":[{"href":"https:\/\/www-lmpa.univ-littoral.fr\/~sic\/wordpress\/index.php?rest_route=\/wp\/v2\/pages\/192"}],"collection":[{"href":"https:\/\/www-lmpa.univ-littoral.fr\/~sic\/wordpress\/index.php?rest_route=\/wp\/v2\/pages"}],"about":[{"href":"https:\/\/www-lmpa.univ-littoral.fr\/~sic\/wordpress\/index.php?rest_route=\/wp\/v2\/types\/page"}],"author":[{"embeddable":true,"href":"https:\/\/www-lmpa.univ-littoral.fr\/~sic\/wordpress\/index.php?rest_route=\/wp\/v2\/users\/1"}],"replies":[{"embeddable":true,"href":"https:\/\/www-lmpa.univ-littoral.fr\/~sic\/wordpress\/index.php?rest_route=%2Fwp%2Fv2%2Fcomments&post=192"}],"version-history":[{"count":0,"href":"https:\/\/www-lmpa.univ-littoral.fr\/~sic\/wordpress\/index.php?rest_route=\/wp\/v2\/pages\/192\/revisions"}],"up":[{"embeddable":true,"href":"https:\/\/www-lmpa.univ-littoral.fr\/~sic\/wordpress\/index.php?rest_route=\/wp\/v2\/pages\/96"}],"wp:attachment":[{"href":"https:\/\/www-lmpa.univ-littoral.fr\/~sic\/wordpress\/index.php?rest_route=%2Fwp%2Fv2%2Fmedia&parent=192"}],"curies":[{"name":"wp","href":"https:\/\/api.w.org\/{rel}","templated":true}]}}