{"id":199,"date":"2000-11-18T12:10:33","date_gmt":"2000-11-18T12:10:33","guid":{"rendered":"http:\/\/www.lmpa.univ-littoral.fr\/SIC\/?page_id=199"},"modified":"2000-11-18T12:10:33","modified_gmt":"2000-11-18T12:10:33","slug":"seminaire-du-18-novembre-2000-a-amiens","status":"publish","type":"page","link":"https:\/\/www-lmpa.univ-littoral.fr\/~sic\/wordpress\/?page_id=199","title":{"rendered":"S\u00e9minaire du 18 novembre 2000 \u00e0 Amiens"},"content":{"rendered":"<p>Lieu: Universit\u00e9 de Picardie, Amiens, Salle C101<\/p>\n<p>Organisation: A. Ehresmann, E. Vaughelade<\/p>\n<p>Programme:<\/p>\n<p>10h30: J. Bichon &#8211; D\u00e9formations du groupe sym\u00e9trique<\/p>\n<p>11h20: I. Stubbe &#8211; Logique quantique op\u00e9rationnelle et cat\u00e9gories<\/p>\n<p>14h15: P. Ageron &#8211; Esquisse d&#8217;extension galoisienne<\/p>\n<p>15h15: A. Zimmerman &#8211; Effet des \u00e9quivalences d\u00e9riv\u00e9es sur une alg\u00e8bre ${\\sf Ext}$<\/p>\n<p>16h15: M. H\u00e9bert &#8211; Classes d&#8217;injectivit\u00e9 et d&#8217;orthogonalit\u00e9 dans les cat\u00e9gories localement pr\u00e9sentables<\/p>\n","protected":false},"excerpt":{"rendered":"<p>Lieu: Universit\u00e9 de Picardie, Amiens, Salle C101 Organisation: A. Ehresmann, E. Vaughelade Programme: 10h30: J. Bichon &#8211; D\u00e9formations du groupe sym\u00e9trique 11h20: I. Stubbe &#8211; Logique quantique op\u00e9rationnelle et cat\u00e9gories 14h15: P. Ageron &#8211; Esquisse d&#8217;extension galoisienne 15h15: A. Zimmerman &#8211; Effet des \u00e9quivalences d\u00e9riv\u00e9es sur une alg\u00e8bre ${\\sf Ext}$ 16h15: M. H\u00e9bert &#8211; Classes [&hellip;]<\/p>\n","protected":false},"author":1,"featured_media":0,"parent":96,"menu_order":0,"comment_status":"closed","ping_status":"closed","template":"","meta":[],"_links":{"self":[{"href":"https:\/\/www-lmpa.univ-littoral.fr\/~sic\/wordpress\/index.php?rest_route=\/wp\/v2\/pages\/199"}],"collection":[{"href":"https:\/\/www-lmpa.univ-littoral.fr\/~sic\/wordpress\/index.php?rest_route=\/wp\/v2\/pages"}],"about":[{"href":"https:\/\/www-lmpa.univ-littoral.fr\/~sic\/wordpress\/index.php?rest_route=\/wp\/v2\/types\/page"}],"author":[{"embeddable":true,"href":"https:\/\/www-lmpa.univ-littoral.fr\/~sic\/wordpress\/index.php?rest_route=\/wp\/v2\/users\/1"}],"replies":[{"embeddable":true,"href":"https:\/\/www-lmpa.univ-littoral.fr\/~sic\/wordpress\/index.php?rest_route=%2Fwp%2Fv2%2Fcomments&post=199"}],"version-history":[{"count":0,"href":"https:\/\/www-lmpa.univ-littoral.fr\/~sic\/wordpress\/index.php?rest_route=\/wp\/v2\/pages\/199\/revisions"}],"up":[{"embeddable":true,"href":"https:\/\/www-lmpa.univ-littoral.fr\/~sic\/wordpress\/index.php?rest_route=\/wp\/v2\/pages\/96"}],"wp:attachment":[{"href":"https:\/\/www-lmpa.univ-littoral.fr\/~sic\/wordpress\/index.php?rest_route=%2Fwp%2Fv2%2Fmedia&parent=199"}],"curies":[{"name":"wp","href":"https:\/\/api.w.org\/{rel}","templated":true}]}}