{"id":203,"date":"2001-11-10T12:12:07","date_gmt":"2001-11-10T12:12:07","guid":{"rendered":"http:\/\/www.lmpa.univ-littoral.fr\/SIC\/?page_id=203"},"modified":"2001-11-10T12:12:07","modified_gmt":"2001-11-10T12:12:07","slug":"seminaire-du-10-novembre-2001-a-amiens","status":"publish","type":"page","link":"https:\/\/www-lmpa.univ-littoral.fr\/~sic\/wordpress\/?page_id=203","title":{"rendered":"S\u00e9minaire du 10 novembre 2001 \u00e0 Amiens"},"content":{"rendered":"<p>Organisation: A. Ehresmann, E. Vaughelade<\/p>\n<p>Lieu: Universit\u00e9 de Picardie, Amiens, Salle C101<\/p>\n<p>Programme:<\/p>\n<p>10h30: R. Guitart &#8211; Analyse d&#8217;images et logique modale<\/p>\n<p>11h25: S. Crans &#8211; L&#8217;incontournabilit\u00e9 des teisi<\/p>\n<p>14h00: J. Penon &#8211; Cat\u00e9gorification de structures d\u00e9finies par des monades cart\u00e9siennes<\/p>\n<p>14h55: E. Vitale &#8211; Un peu d&#8217;alg\u00e8bre homologique pour les cat-groupes sym\u00e9triques<\/p>\n<p>15h55: R. Mijoule &#8211; (Titre \u00e0 pr\u00e9ciser)<\/p>\n<p>16h30: F. Lamarche &#8211; Fibration de structades et alg\u00e8bre universelle des cat\u00e9gories<\/p>\n","protected":false},"excerpt":{"rendered":"<p>Organisation: A. Ehresmann, E. Vaughelade Lieu: Universit\u00e9 de Picardie, Amiens, Salle C101 Programme: 10h30: R. Guitart &#8211; Analyse d&#8217;images et logique modale 11h25: S. Crans &#8211; L&#8217;incontournabilit\u00e9 des teisi 14h00: J. Penon &#8211; Cat\u00e9gorification de structures d\u00e9finies par des monades cart\u00e9siennes 14h55: E. Vitale &#8211; Un peu d&#8217;alg\u00e8bre homologique pour les cat-groupes sym\u00e9triques 15h55: R. [&hellip;]<\/p>\n","protected":false},"author":1,"featured_media":0,"parent":96,"menu_order":0,"comment_status":"closed","ping_status":"closed","template":"","meta":[],"_links":{"self":[{"href":"https:\/\/www-lmpa.univ-littoral.fr\/~sic\/wordpress\/index.php?rest_route=\/wp\/v2\/pages\/203"}],"collection":[{"href":"https:\/\/www-lmpa.univ-littoral.fr\/~sic\/wordpress\/index.php?rest_route=\/wp\/v2\/pages"}],"about":[{"href":"https:\/\/www-lmpa.univ-littoral.fr\/~sic\/wordpress\/index.php?rest_route=\/wp\/v2\/types\/page"}],"author":[{"embeddable":true,"href":"https:\/\/www-lmpa.univ-littoral.fr\/~sic\/wordpress\/index.php?rest_route=\/wp\/v2\/users\/1"}],"replies":[{"embeddable":true,"href":"https:\/\/www-lmpa.univ-littoral.fr\/~sic\/wordpress\/index.php?rest_route=%2Fwp%2Fv2%2Fcomments&post=203"}],"version-history":[{"count":0,"href":"https:\/\/www-lmpa.univ-littoral.fr\/~sic\/wordpress\/index.php?rest_route=\/wp\/v2\/pages\/203\/revisions"}],"up":[{"embeddable":true,"href":"https:\/\/www-lmpa.univ-littoral.fr\/~sic\/wordpress\/index.php?rest_route=\/wp\/v2\/pages\/96"}],"wp:attachment":[{"href":"https:\/\/www-lmpa.univ-littoral.fr\/~sic\/wordpress\/index.php?rest_route=%2Fwp%2Fv2%2Fmedia&parent=203"}],"curies":[{"name":"wp","href":"https:\/\/api.w.org\/{rel}","templated":true}]}}