{"id":210,"date":"2004-06-01T12:17:04","date_gmt":"2004-06-01T12:17:04","guid":{"rendered":"http:\/\/www.lmpa.univ-littoral.fr\/SIC\/?page_id=210"},"modified":"2004-06-01T12:17:04","modified_gmt":"2004-06-01T12:17:04","slug":"seminaire-de-juin-2004-a-dunkerque","status":"publish","type":"page","link":"https:\/\/www-lmpa.univ-littoral.fr\/~sic\/wordpress\/?page_id=210","title":{"rendered":"S\u00e9minaire du 5 juin 2004 \u00e0 Dunkerque"},"content":{"rendered":"<p>Lieu: Universit\u00e9 du Littoral-C\u00f4te d&#8217;Opale \u00e0 Dunkerque, La Citadelle, Salle 2409<\/p>\n<p>Organisation: Dominique Bourn et Marino Gran<\/p>\n<p>Programme :<\/p>\n<p>10h30 &#8211; 11h15 : Y. Diers, &#8220;Relations de calcul alg\u00e9brique&#8221;<\/p>\n<p>11h30 &#8211; 12h15 : A. Burroni,  &#8220;Une pr\u00e9sentation du 3-monoide simplicial complet&#8221;<\/p>\n<p>12h30 : D\u00e9jeuner au Restaurant &#8220;La Croisette&#8221;<\/p>\n<p>14h30 -15h15 : G. Janelidze, &#8220;Pointed and non-pointed categorical algebra&#8221;<\/p>\n<p>15h20 -16h05 : T. van der Linden, &#8220;Une structure mod\u00e8le pour l&#8217;homotopie de cat\u00e9gories internes&#8221;<\/p>\n<p>16h25 &#8211; 17h10 : R. Attal, &#8220;Cat\u00e9gories fibr\u00e9es et probl\u00e8me des quatre couleurs&#8221;<\/p>\n<p>17h15 -18h : F. Borceux, &#8220;Sur la repr\u00e9sentabilit\u00e9 des actions dans une vari\u00e9t\u00e9 semi-ab\u00e9lienne&#8221;<\/p>\n","protected":false},"excerpt":{"rendered":"<p>Lieu: Universit\u00e9 du Littoral-C\u00f4te d&#8217;Opale \u00e0 Dunkerque, La Citadelle, Salle 2409 Organisation: Dominique Bourn et Marino Gran Programme : 10h30 &#8211; 11h15 : Y. Diers, &#8220;Relations de calcul alg\u00e9brique&#8221; 11h30 &#8211; 12h15 : A. Burroni, &#8220;Une pr\u00e9sentation du 3-monoide simplicial complet&#8221; 12h30 : D\u00e9jeuner au Restaurant &#8220;La Croisette&#8221; 14h30 -15h15 : G. Janelidze, &#8220;Pointed and [&hellip;]<\/p>\n","protected":false},"author":1,"featured_media":0,"parent":96,"menu_order":0,"comment_status":"closed","ping_status":"closed","template":"","meta":[],"_links":{"self":[{"href":"https:\/\/www-lmpa.univ-littoral.fr\/~sic\/wordpress\/index.php?rest_route=\/wp\/v2\/pages\/210"}],"collection":[{"href":"https:\/\/www-lmpa.univ-littoral.fr\/~sic\/wordpress\/index.php?rest_route=\/wp\/v2\/pages"}],"about":[{"href":"https:\/\/www-lmpa.univ-littoral.fr\/~sic\/wordpress\/index.php?rest_route=\/wp\/v2\/types\/page"}],"author":[{"embeddable":true,"href":"https:\/\/www-lmpa.univ-littoral.fr\/~sic\/wordpress\/index.php?rest_route=\/wp\/v2\/users\/1"}],"replies":[{"embeddable":true,"href":"https:\/\/www-lmpa.univ-littoral.fr\/~sic\/wordpress\/index.php?rest_route=%2Fwp%2Fv2%2Fcomments&post=210"}],"version-history":[{"count":0,"href":"https:\/\/www-lmpa.univ-littoral.fr\/~sic\/wordpress\/index.php?rest_route=\/wp\/v2\/pages\/210\/revisions"}],"up":[{"embeddable":true,"href":"https:\/\/www-lmpa.univ-littoral.fr\/~sic\/wordpress\/index.php?rest_route=\/wp\/v2\/pages\/96"}],"wp:attachment":[{"href":"https:\/\/www-lmpa.univ-littoral.fr\/~sic\/wordpress\/index.php?rest_route=%2Fwp%2Fv2%2Fmedia&parent=210"}],"curies":[{"name":"wp","href":"https:\/\/api.w.org\/{rel}","templated":true}]}}