{"id":223,"date":"1994-09-27T15:55:32","date_gmt":"1994-09-27T15:55:32","guid":{"rendered":"http:\/\/www.lmpa.univ-littoral.fr\/SIC\/?page_id=223"},"modified":"2024-10-01T09:21:47","modified_gmt":"2024-10-01T09:21:47","slug":"seminaire-du-27-30-septembre-1994-a-caen","status":"publish","type":"page","link":"https:\/\/www-lmpa.univ-littoral.fr\/~sic\/wordpress\/?page_id=223","title":{"rendered":"S\u00e9minaire du 27-30 septembre 1994 \u00e0 Caen"},"content":{"rendered":"<p>Du 27 au 30 septembre 1994, Pierre Ageron a organis\u00e9 \u00e0 l&#8217;Universit\u00e9 de Caen les journ\u00e9es intitul\u00e9es <em>Cat\u00e9gories, Alg\u00e8bres, Esquisses et N\u00e9o-esquisses<\/em>. Par son esprit de rassemblement et d&#8217;\u00e9change, cette rencontre peut \u00eatre consid\u00e9r\u00e9e comme un proto-SIC, et (avec l&#8217;accord de Pierre Ageron) nous conservons ici <a href=\"https:\/\/www-lmpa.univ-littoral.fr\/~sic\/ActesCAEN1994\/ActesCAEN1994.pdf\">une version num\u00e9ris\u00e9e des Actes de ce colloque<\/a>.<\/p>\n","protected":false},"excerpt":{"rendered":"<p>Du 27 au 30 septembre 1994, Pierre Ageron a organis\u00e9 \u00e0 l&#8217;Universit\u00e9 de Caen les journ\u00e9es intitul\u00e9es Cat\u00e9gories, Alg\u00e8bres, Esquisses et N\u00e9o-esquisses. Par son esprit de rassemblement et d&#8217;\u00e9change, cette rencontre peut \u00eatre consid\u00e9r\u00e9e comme un proto-SIC, et (avec l&#8217;accord de Pierre Ageron) nous conservons ici une version num\u00e9ris\u00e9e des Actes de ce colloque.<\/p>\n","protected":false},"author":1,"featured_media":0,"parent":96,"menu_order":0,"comment_status":"closed","ping_status":"closed","template":"","meta":[],"_links":{"self":[{"href":"https:\/\/www-lmpa.univ-littoral.fr\/~sic\/wordpress\/index.php?rest_route=\/wp\/v2\/pages\/223"}],"collection":[{"href":"https:\/\/www-lmpa.univ-littoral.fr\/~sic\/wordpress\/index.php?rest_route=\/wp\/v2\/pages"}],"about":[{"href":"https:\/\/www-lmpa.univ-littoral.fr\/~sic\/wordpress\/index.php?rest_route=\/wp\/v2\/types\/page"}],"author":[{"embeddable":true,"href":"https:\/\/www-lmpa.univ-littoral.fr\/~sic\/wordpress\/index.php?rest_route=\/wp\/v2\/users\/1"}],"replies":[{"embeddable":true,"href":"https:\/\/www-lmpa.univ-littoral.fr\/~sic\/wordpress\/index.php?rest_route=%2Fwp%2Fv2%2Fcomments&post=223"}],"version-history":[{"count":4,"href":"https:\/\/www-lmpa.univ-littoral.fr\/~sic\/wordpress\/index.php?rest_route=\/wp\/v2\/pages\/223\/revisions"}],"predecessor-version":[{"id":1466,"href":"https:\/\/www-lmpa.univ-littoral.fr\/~sic\/wordpress\/index.php?rest_route=\/wp\/v2\/pages\/223\/revisions\/1466"}],"up":[{"embeddable":true,"href":"https:\/\/www-lmpa.univ-littoral.fr\/~sic\/wordpress\/index.php?rest_route=\/wp\/v2\/pages\/96"}],"wp:attachment":[{"href":"https:\/\/www-lmpa.univ-littoral.fr\/~sic\/wordpress\/index.php?rest_route=%2Fwp%2Fv2%2Fmedia&parent=223"}],"curies":[{"name":"wp","href":"https:\/\/api.w.org\/{rel}","templated":true}]}}