{"id":277,"date":"2009-10-24T08:41:26","date_gmt":"2009-10-24T08:41:26","guid":{"rendered":"http:\/\/www.lmpa.univ-littoral.fr\/SIC\/?page_id=277"},"modified":"2009-10-24T08:41:26","modified_gmt":"2009-10-24T08:41:26","slug":"seminaire-du-24-octobre-2009-a-paris","status":"publish","type":"page","link":"https:\/\/www-lmpa.univ-littoral.fr\/~sic\/wordpress\/?page_id=277","title":{"rendered":"S\u00e9minaire du 24 octobre 2009 \u00e0 Paris"},"content":{"rendered":"<p>Organisation: Ren\u00e9 Guitart<\/p>\n<p>Lieu: Universit\u00e9 Paris Diderot, Chevaleret, Salle 0D04<\/p>\n<p>Programme:<\/p>\n<p>9h40-10h20 : Marino Gran, Th\u00e9ories de torsion d\u00e9riv\u00e9es et foncteurs protoadditifs<\/p>\n<p>10h20-11h : Philippe Gaucher, Syst\u00e8me de transitions de haute dimension et ensemble pr\u00e9cubique sym\u00e9trique \u00e9tiquet\u00e9<\/p>\n<p>11h10-11h50 : Albert Burroni, Deux philosophies cat\u00e9goriques : pr\u00e9sentations versus esquisses<\/p>\n<p>11h50-12h30 : Enrico Vitale, Bi-produits fibr\u00e9s et calcul de fractions <\/p>\n<p>DEJEUNER<\/p>\n<p>14h10-14h50 : Andr\u00e9e Ehresmann, A propos des syst\u00e8mes \u00e9volutifs \u00e0 m\u00e9moire et du mod\u00e8le MENS (travail commun avec Jean-Paul Vanbremeersch)<\/p>\n<p>14h50-15h30 : Dominique Bourn, Une alternative \u00e0 un th\u00e9or\u00e8me de plongement pour les cat\u00e9gories protomodulaires (travail commun avec Zurab Janelidze)<\/p>\n<p>15h40-16h20 : Jacques Penon, Calcul diff\u00e9rentiel revisit\u00e9 \u00e0 la lumi\u00e8re d\u2019une fonction insolite (travail commun avec Elisabeth Burroni)<\/p>\n<p>16h20-17h : Jacques Riguet, All\u00e9gorie des correspondances difonctionnelles.<\/p>\n<p>17h-17h40 : Ren\u00e9 Guitart, Du ternaire au binaire<\/p>\n","protected":false},"excerpt":{"rendered":"<p>Organisation: Ren\u00e9 Guitart Lieu: Universit\u00e9 Paris Diderot, Chevaleret, Salle 0D04 Programme: 9h40-10h20 : Marino Gran, Th\u00e9ories de torsion d\u00e9riv\u00e9es et foncteurs protoadditifs 10h20-11h : Philippe Gaucher, Syst\u00e8me de transitions de haute dimension et ensemble pr\u00e9cubique sym\u00e9trique \u00e9tiquet\u00e9 11h10-11h50 : Albert Burroni, Deux philosophies cat\u00e9goriques : pr\u00e9sentations versus esquisses 11h50-12h30 : Enrico Vitale, Bi-produits fibr\u00e9s et [&hellip;]<\/p>\n","protected":false},"author":1,"featured_media":0,"parent":96,"menu_order":0,"comment_status":"closed","ping_status":"closed","template":"","meta":[],"_links":{"self":[{"href":"https:\/\/www-lmpa.univ-littoral.fr\/~sic\/wordpress\/index.php?rest_route=\/wp\/v2\/pages\/277"}],"collection":[{"href":"https:\/\/www-lmpa.univ-littoral.fr\/~sic\/wordpress\/index.php?rest_route=\/wp\/v2\/pages"}],"about":[{"href":"https:\/\/www-lmpa.univ-littoral.fr\/~sic\/wordpress\/index.php?rest_route=\/wp\/v2\/types\/page"}],"author":[{"embeddable":true,"href":"https:\/\/www-lmpa.univ-littoral.fr\/~sic\/wordpress\/index.php?rest_route=\/wp\/v2\/users\/1"}],"replies":[{"embeddable":true,"href":"https:\/\/www-lmpa.univ-littoral.fr\/~sic\/wordpress\/index.php?rest_route=%2Fwp%2Fv2%2Fcomments&post=277"}],"version-history":[{"count":0,"href":"https:\/\/www-lmpa.univ-littoral.fr\/~sic\/wordpress\/index.php?rest_route=\/wp\/v2\/pages\/277\/revisions"}],"up":[{"embeddable":true,"href":"https:\/\/www-lmpa.univ-littoral.fr\/~sic\/wordpress\/index.php?rest_route=\/wp\/v2\/pages\/96"}],"wp:attachment":[{"href":"https:\/\/www-lmpa.univ-littoral.fr\/~sic\/wordpress\/index.php?rest_route=%2Fwp%2Fv2%2Fmedia&parent=277"}],"curies":[{"name":"wp","href":"https:\/\/api.w.org\/{rel}","templated":true}]}}