{"id":341,"date":"1997-05-24T13:09:08","date_gmt":"1997-05-24T13:09:08","guid":{"rendered":"http:\/\/www.lmpa.univ-littoral.fr\/SIC\/?page_id=341"},"modified":"1997-05-24T13:09:08","modified_gmt":"1997-05-24T13:09:08","slug":"seminaire-du-24-mai-1997-a-amiens","status":"publish","type":"page","link":"https:\/\/www-lmpa.univ-littoral.fr\/~sic\/wordpress\/?page_id=341","title":{"rendered":"S\u00e9minaire du 24 mai 1997 \u00e0 Amiens"},"content":{"rendered":"<p>Lieu: Universit\u00e9 de Picardie, Amiens, Salle C 101<\/p>\n<p>Programme:<\/p>\n<p>11h15: S. Bouc &#8211; Foncteurs assici\u00e9s \u00e0 des bi-ensembles<\/p>\n<p>14h15: P. Damphousse &#8211; Rel\u00e8vement de la dualit\u00e9 de Stone<\/p>\n<p>15h30: D. Bourn &#8211; Des ensembles simpliciaux aux n-groupo\u00efdes par une propri\u00e9t\u00e9 universelle<\/p>\n","protected":false},"excerpt":{"rendered":"<p>Lieu: Universit\u00e9 de Picardie, Amiens, Salle C 101 Programme: 11h15: S. Bouc &#8211; Foncteurs assici\u00e9s \u00e0 des bi-ensembles 14h15: P. Damphousse &#8211; Rel\u00e8vement de la dualit\u00e9 de Stone 15h30: D. Bourn &#8211; Des ensembles simpliciaux aux n-groupo\u00efdes par une propri\u00e9t\u00e9 universelle<\/p>\n","protected":false},"author":1,"featured_media":0,"parent":96,"menu_order":0,"comment_status":"closed","ping_status":"closed","template":"","meta":[],"_links":{"self":[{"href":"https:\/\/www-lmpa.univ-littoral.fr\/~sic\/wordpress\/index.php?rest_route=\/wp\/v2\/pages\/341"}],"collection":[{"href":"https:\/\/www-lmpa.univ-littoral.fr\/~sic\/wordpress\/index.php?rest_route=\/wp\/v2\/pages"}],"about":[{"href":"https:\/\/www-lmpa.univ-littoral.fr\/~sic\/wordpress\/index.php?rest_route=\/wp\/v2\/types\/page"}],"author":[{"embeddable":true,"href":"https:\/\/www-lmpa.univ-littoral.fr\/~sic\/wordpress\/index.php?rest_route=\/wp\/v2\/users\/1"}],"replies":[{"embeddable":true,"href":"https:\/\/www-lmpa.univ-littoral.fr\/~sic\/wordpress\/index.php?rest_route=%2Fwp%2Fv2%2Fcomments&post=341"}],"version-history":[{"count":0,"href":"https:\/\/www-lmpa.univ-littoral.fr\/~sic\/wordpress\/index.php?rest_route=\/wp\/v2\/pages\/341\/revisions"}],"up":[{"embeddable":true,"href":"https:\/\/www-lmpa.univ-littoral.fr\/~sic\/wordpress\/index.php?rest_route=\/wp\/v2\/pages\/96"}],"wp:attachment":[{"href":"https:\/\/www-lmpa.univ-littoral.fr\/~sic\/wordpress\/index.php?rest_route=%2Fwp%2Fv2%2Fmedia&parent=341"}],"curies":[{"name":"wp","href":"https:\/\/api.w.org\/{rel}","templated":true}]}}