{"id":343,"date":"1997-10-25T13:12:21","date_gmt":"1997-10-25T13:12:21","guid":{"rendered":"http:\/\/www.lmpa.univ-littoral.fr\/SIC\/?page_id=343"},"modified":"1997-10-25T13:12:21","modified_gmt":"1997-10-25T13:12:21","slug":"seminaire-du-25-octobre-1997-a-dunkerque","status":"publish","type":"page","link":"https:\/\/www-lmpa.univ-littoral.fr\/~sic\/wordpress\/?page_id=343","title":{"rendered":"S\u00e9minaire du 25 octobre 1997 \u00e0 Dunkerque"},"content":{"rendered":"<p>Lieu: Universit\u00e9 du Littoral, Dunkerque, la Citadelle<\/p>\n<p>Programme:<\/p>\n<p>10h00: Y. Diers &#8211; Aspects galoisiens d&#8217;une th\u00e9orie alg\u00e9brique<\/p>\n<p>11h00: L. Nison &#8211; Vari\u00e9t\u00e9s alg\u00e9briques sur un corps commutatif quelconque<\/p>\n<p>14h00: M. Gran &#8211; Cat\u00e9gories internes \u00e0 une cat\u00e9gorie de Malcev<\/p>\n<p>14h45: P. Ageron &#8211; Limites projectives contitionnelles dans les cat\u00e9gories accessibles<\/p>\n<p>15h45: E. Vitale &#8211; Le bigroupe de Picard<\/p>\n","protected":false},"excerpt":{"rendered":"<p>Lieu: Universit\u00e9 du Littoral, Dunkerque, la Citadelle Programme: 10h00: Y. Diers &#8211; Aspects galoisiens d&#8217;une th\u00e9orie alg\u00e9brique 11h00: L. Nison &#8211; Vari\u00e9t\u00e9s alg\u00e9briques sur un corps commutatif quelconque 14h00: M. Gran &#8211; Cat\u00e9gories internes \u00e0 une cat\u00e9gorie de Malcev 14h45: P. Ageron &#8211; Limites projectives contitionnelles dans les cat\u00e9gories accessibles 15h45: E. Vitale &#8211; Le [&hellip;]<\/p>\n","protected":false},"author":1,"featured_media":0,"parent":96,"menu_order":0,"comment_status":"closed","ping_status":"closed","template":"","meta":[],"_links":{"self":[{"href":"https:\/\/www-lmpa.univ-littoral.fr\/~sic\/wordpress\/index.php?rest_route=\/wp\/v2\/pages\/343"}],"collection":[{"href":"https:\/\/www-lmpa.univ-littoral.fr\/~sic\/wordpress\/index.php?rest_route=\/wp\/v2\/pages"}],"about":[{"href":"https:\/\/www-lmpa.univ-littoral.fr\/~sic\/wordpress\/index.php?rest_route=\/wp\/v2\/types\/page"}],"author":[{"embeddable":true,"href":"https:\/\/www-lmpa.univ-littoral.fr\/~sic\/wordpress\/index.php?rest_route=\/wp\/v2\/users\/1"}],"replies":[{"embeddable":true,"href":"https:\/\/www-lmpa.univ-littoral.fr\/~sic\/wordpress\/index.php?rest_route=%2Fwp%2Fv2%2Fcomments&post=343"}],"version-history":[{"count":0,"href":"https:\/\/www-lmpa.univ-littoral.fr\/~sic\/wordpress\/index.php?rest_route=\/wp\/v2\/pages\/343\/revisions"}],"up":[{"embeddable":true,"href":"https:\/\/www-lmpa.univ-littoral.fr\/~sic\/wordpress\/index.php?rest_route=\/wp\/v2\/pages\/96"}],"wp:attachment":[{"href":"https:\/\/www-lmpa.univ-littoral.fr\/~sic\/wordpress\/index.php?rest_route=%2Fwp%2Fv2%2Fmedia&parent=343"}],"curies":[{"name":"wp","href":"https:\/\/api.w.org\/{rel}","templated":true}]}}