{"id":345,"date":"1998-01-31T13:18:14","date_gmt":"1998-01-31T13:18:14","guid":{"rendered":"http:\/\/www.lmpa.univ-littoral.fr\/SIC\/?page_id=345"},"modified":"1998-01-31T13:18:14","modified_gmt":"1998-01-31T13:18:14","slug":"seminaire-du-31-janvier-1998-a-paris","status":"publish","type":"page","link":"https:\/\/www-lmpa.univ-littoral.fr\/~sic\/wordpress\/?page_id=345","title":{"rendered":"S\u00e9minaire du 31 janvier 1998 \u00e0 Paris"},"content":{"rendered":"<p>Lieu: Paris 7 (Jussieu), Salle 401<\/p>\n<p>Programme:<\/p>\n<p>10h00: Y. Le Creurer &#8211; Descente et fibration<\/p>\n<p>11h00: R. Guitart &#8211; La pulsation ensembliste<\/p>\n<p>14h00: F. Borceux &#8211; Les $\\Omega$-ensembles non-sym\u00e9triques<\/p>\n<p>14h45: C. Lair &#8211; Sur quelques invariants dans la traduction syntaxe vs. s\u00e9mantique correspondant \u00e0 la dualit\u00e9 esquisses (petites) vs. cat\u00e9gories de mod\u00e8les (ensemblistes)<\/p>\n","protected":false},"excerpt":{"rendered":"<p>Lieu: Paris 7 (Jussieu), Salle 401 Programme: 10h00: Y. Le Creurer &#8211; Descente et fibration 11h00: R. Guitart &#8211; La pulsation ensembliste 14h00: F. Borceux &#8211; Les $\\Omega$-ensembles non-sym\u00e9triques 14h45: C. Lair &#8211; Sur quelques invariants dans la traduction syntaxe vs. s\u00e9mantique correspondant \u00e0 la dualit\u00e9 esquisses (petites) vs. cat\u00e9gories de mod\u00e8les (ensemblistes)<\/p>\n","protected":false},"author":1,"featured_media":0,"parent":96,"menu_order":0,"comment_status":"closed","ping_status":"closed","template":"","meta":[],"_links":{"self":[{"href":"https:\/\/www-lmpa.univ-littoral.fr\/~sic\/wordpress\/index.php?rest_route=\/wp\/v2\/pages\/345"}],"collection":[{"href":"https:\/\/www-lmpa.univ-littoral.fr\/~sic\/wordpress\/index.php?rest_route=\/wp\/v2\/pages"}],"about":[{"href":"https:\/\/www-lmpa.univ-littoral.fr\/~sic\/wordpress\/index.php?rest_route=\/wp\/v2\/types\/page"}],"author":[{"embeddable":true,"href":"https:\/\/www-lmpa.univ-littoral.fr\/~sic\/wordpress\/index.php?rest_route=\/wp\/v2\/users\/1"}],"replies":[{"embeddable":true,"href":"https:\/\/www-lmpa.univ-littoral.fr\/~sic\/wordpress\/index.php?rest_route=%2Fwp%2Fv2%2Fcomments&post=345"}],"version-history":[{"count":0,"href":"https:\/\/www-lmpa.univ-littoral.fr\/~sic\/wordpress\/index.php?rest_route=\/wp\/v2\/pages\/345\/revisions"}],"up":[{"embeddable":true,"href":"https:\/\/www-lmpa.univ-littoral.fr\/~sic\/wordpress\/index.php?rest_route=\/wp\/v2\/pages\/96"}],"wp:attachment":[{"href":"https:\/\/www-lmpa.univ-littoral.fr\/~sic\/wordpress\/index.php?rest_route=%2Fwp%2Fv2%2Fmedia&parent=345"}],"curies":[{"name":"wp","href":"https:\/\/api.w.org\/{rel}","templated":true}]}}