{"id":377,"date":"2011-02-11T10:20:08","date_gmt":"2011-02-11T10:20:08","guid":{"rendered":"http:\/\/www.lmpa.univ-littoral.fr\/SIC\/?page_id=377"},"modified":"2024-07-08T05:15:16","modified_gmt":"2024-07-08T05:15:16","slug":"liste-de-diffusion","status":"publish","type":"page","link":"https:\/\/www-lmpa.univ-littoral.fr\/~sic\/wordpress\/?page_id=377","title":{"rendered":"Liste de diffusion"},"content":{"rendered":"<p>Pour faciliter les contacts entre les cat\u00e9goriciens en France et ailleurs, nous disposons d&#8217;une liste de diffusion d&#8217;annonces \u00e9lectroniques. Le principe est simple: toute personne int\u00e9ress\u00e9e peut s&#8217;abonner \u00e0 cette liste (en bas de cette page on explique comment), et tout abonn\u00e9 peut envoyer un message \u00e0 tous les autres abonn\u00e9s en envoyant un simple e-mail \u00e0 l&#8217;adresse cat.fr@liste.univ-littoral.fr. Le principal but est de permettre aux abonn\u00e9s de communiquer leurs activit\u00e9s (s\u00e9minaires, colloques, cours, etc&#8230;) ou de faire des demandes \u00e0 la communaut\u00e9.<\/p>\n<p>Cette liste est la continuation de la liste &#8220;cat_fr&#8221;, cr\u00e9\u00e9e en 2002 et mod\u00e9r\u00e9e depuis par Pierre Damphousse, et h\u00e9berg\u00e9e par les serveurs de l&#8217;Universit\u00e9 de Tours. Depuis f\u00e9vrier 2011, la liste (renomm\u00e9e &#8220;cat.fr&#8221;) est mod\u00e9r\u00e9e par Isar Stubbe, et ce sont les serveurs de l&#8217;Universit\u00e9 du Littoral qui h\u00e9bergent maintenant la liste. Plus pr\u00e9cis\u00e9ment, la liste &#8220;cat.fr&#8221; est g\u00e9r\u00e9e par le logiciel &#8220;Sympa&#8221;, et chacun peut interagir avec ce logiciel en envoyant un mail \u00e0 sympa@liste.univ-littoral.fr contenant des commandes \u00e0 effectuer par ce logiciel. Pour plus d&#8217;informations, et en particuler pour conna\u00eetre toutes les commandes accept\u00e9es par Sympa, envoyez un e-mail \u00e0 l&#8217;adresse sympa@liste.univ-littoral.fr contenant le mot &#8216;HELP&#8217;, et Sympa vous r\u00e9pondera.<\/p>\n<p>Pour s&#8217;abonner \u00e0 la liste &#8220;cat.fr&#8221;, il suffit d&#8217;\u00e9crire un e-mail \u00e0 l&#8217;adresse sympa@liste.univ-littoral.fr, dont le contenu est la ligne suivante:<\/p>\n<blockquote><p>SUBSCRIBE cat.fr mon.adresse@serveur.univ.xy<\/p><\/blockquote>\n<p>A tout moment un abonn\u00e9 peut se d\u00e9sabonner, en \u00e9crivant un mail \u00e0 la m\u00eame adresse, contenant la ligne<\/p>\n<blockquote><p>UNSUBSCRIBE cat.fr mon.adresse@serveur.univ.xy<\/p><\/blockquote>\n<p>Le (d\u00e9s)abonnement d&#8217;un utilisateur sera contr\u00f4l\u00e9 par le mod\u00e9rateur. Tous les abonn\u00e9s peuvent envoyer des messages \u00e0 la liste, en \u00e9crivant un simple e-mail \u00e0 cat.fr@liste.univ-littoral.fr, sans intervention du mod\u00e9rateur. Attention: il est important d&#8217;envoyer son message \u00e0 cat.fr@liste.univ-littoral.fr \u00e0 partir de l&#8217;adresse avec laquelle on s&#8217;est abonn\u00e9; sinon, le logiciel &#8220;Sympa&#8221; ne pourra \u00e9videmment pas vous identifier comme abonn\u00e9, et refusera de diffuser votre message!<\/p>\n<p>Alternativement, on peut s&#8217;abonner <a href=\"https:\/\/liste.univ-littoral.fr\/sympa\/subscribe\/cat.fr?previous_action=info\">par ce site web<\/a>.<\/p>\n","protected":false},"excerpt":{"rendered":"<p>Pour faciliter les contacts entre les cat\u00e9goriciens en France et ailleurs, nous disposons d&#8217;une liste de diffusion d&#8217;annonces \u00e9lectroniques. Le principe est simple: toute personne int\u00e9ress\u00e9e peut s&#8217;abonner \u00e0 cette liste (en bas de cette page on explique comment), et tout abonn\u00e9 peut envoyer un message \u00e0 tous les autres abonn\u00e9s en envoyant un simple [&hellip;]<\/p>\n","protected":false},"author":1,"featured_media":0,"parent":0,"menu_order":2,"comment_status":"closed","ping_status":"closed","template":"","meta":[],"_links":{"self":[{"href":"https:\/\/www-lmpa.univ-littoral.fr\/~sic\/wordpress\/index.php?rest_route=\/wp\/v2\/pages\/377"}],"collection":[{"href":"https:\/\/www-lmpa.univ-littoral.fr\/~sic\/wordpress\/index.php?rest_route=\/wp\/v2\/pages"}],"about":[{"href":"https:\/\/www-lmpa.univ-littoral.fr\/~sic\/wordpress\/index.php?rest_route=\/wp\/v2\/types\/page"}],"author":[{"embeddable":true,"href":"https:\/\/www-lmpa.univ-littoral.fr\/~sic\/wordpress\/index.php?rest_route=\/wp\/v2\/users\/1"}],"replies":[{"embeddable":true,"href":"https:\/\/www-lmpa.univ-littoral.fr\/~sic\/wordpress\/index.php?rest_route=%2Fwp%2Fv2%2Fcomments&post=377"}],"version-history":[{"count":2,"href":"https:\/\/www-lmpa.univ-littoral.fr\/~sic\/wordpress\/index.php?rest_route=\/wp\/v2\/pages\/377\/revisions"}],"predecessor-version":[{"id":1420,"href":"https:\/\/www-lmpa.univ-littoral.fr\/~sic\/wordpress\/index.php?rest_route=\/wp\/v2\/pages\/377\/revisions\/1420"}],"wp:attachment":[{"href":"https:\/\/www-lmpa.univ-littoral.fr\/~sic\/wordpress\/index.php?rest_route=%2Fwp%2Fv2%2Fmedia&parent=377"}],"curies":[{"name":"wp","href":"https:\/\/api.w.org\/{rel}","templated":true}]}}