{"id":399,"date":"2002-09-20T10:37:13","date_gmt":"2002-09-20T10:37:13","guid":{"rendered":"http:\/\/www.lmpa.univ-littoral.fr\/SIC\/?page_id=399"},"modified":"2025-05-11T07:24:12","modified_gmt":"2025-05-11T07:24:12","slug":"seminaire-du-20-septembre-2002-a-paris","status":"publish","type":"page","link":"https:\/\/www-lmpa.univ-littoral.fr\/~sic\/wordpress\/?page_id=399","title":{"rendered":"S\u00e9minaire du 20 septembre 2002 \u00e0 Paris"},"content":{"rendered":"<p>Journ\u00e9e Math\u00e9matique en l&#8217;honneur d&#8217;Albert Burroni<\/p>\n<p>Lieu: Universit\u00e9 de Paris 7, 175, rue du Chevaleret, Paris, Salle 0C02<\/p>\n<p>Organisation: Ren\u00e9 Guitart<\/p>\n<p>Programme<br \/>\n9h10. Accueil.<br \/>\n9h30-10h15. P. Ageron, Albert Burroni dans l&#8217;\u00c9cole d&#8217;Ehresmann : constructivisme et structuralisme.<br \/>\n10h15-11h. Y. Lafont, Th\u00e9orie alg\u00e9brique des circuits.<br \/>\n11h20-12h05. J. Penon, T-cat\u00e9gories repr\u00e9sentables.<br \/>\n12h05-12h50. E. Burroni, Lois distributives. Application aux automates stochastiques.<br \/>\n14h15-15h. M. Hyland, Generalized algebra : variations on ideas of Burroni.<br \/>\n15h-15h45. V. Danos, Rigueur et brutalit\u00e9 en math\u00e9matique : la part du calcul.<br \/>\n16h05-16h50. G. Maltsiniotis, Homotopie et cat\u00e9gories.<br \/>\n16h50-17h35. R. Guitart, Toute th\u00e9orie est alg\u00e9brique.<br \/>\n18h. Pot, avec en entr\u00e9e : Ren\u00e9 Cori, &#8221; Stupeur sacr\u00e9e ! la preuve se fait par les ab\u00eemes.&#8221;<\/p>\n<p>T\u00e9l\u00e9charger les <a href=\"https:\/\/www-lmpa.univ-littoral.fr\/~sic\/JourneeBurroni2002.pdf\">Actes de la Journ\u00e9e Burroni<\/a> \u00e9dit\u00e9s par Ren\u00e9 Guitart, comprenant les r\u00e9sum\u00e9s des expos\u00e9s et &#8211; en bonus &#8211; des textes de Ren\u00e9 Guitart, Andr\u00e9e Ehresmann, Marianne Guillemot-Teissier, Ren\u00e9 Cori plus un dessin de Jacques Penon.<\/p>\n","protected":false},"excerpt":{"rendered":"<p>Journ\u00e9e Math\u00e9matique en l&#8217;honneur d&#8217;Albert Burroni Lieu: Universit\u00e9 de Paris 7, 175, rue du Chevaleret, Paris, Salle 0C02 Organisation: Ren\u00e9 Guitart Programme 9h10. Accueil. 9h30-10h15. P. Ageron, Albert Burroni dans l&#8217;\u00c9cole d&#8217;Ehresmann : constructivisme et structuralisme. 10h15-11h. Y. Lafont, Th\u00e9orie alg\u00e9brique des circuits. 11h20-12h05. J. Penon, T-cat\u00e9gories repr\u00e9sentables. 12h05-12h50. E. Burroni, Lois distributives. Application aux [&hellip;]<\/p>\n","protected":false},"author":1,"featured_media":0,"parent":96,"menu_order":0,"comment_status":"closed","ping_status":"closed","template":"","meta":[],"_links":{"self":[{"href":"https:\/\/www-lmpa.univ-littoral.fr\/~sic\/wordpress\/index.php?rest_route=\/wp\/v2\/pages\/399"}],"collection":[{"href":"https:\/\/www-lmpa.univ-littoral.fr\/~sic\/wordpress\/index.php?rest_route=\/wp\/v2\/pages"}],"about":[{"href":"https:\/\/www-lmpa.univ-littoral.fr\/~sic\/wordpress\/index.php?rest_route=\/wp\/v2\/types\/page"}],"author":[{"embeddable":true,"href":"https:\/\/www-lmpa.univ-littoral.fr\/~sic\/wordpress\/index.php?rest_route=\/wp\/v2\/users\/1"}],"replies":[{"embeddable":true,"href":"https:\/\/www-lmpa.univ-littoral.fr\/~sic\/wordpress\/index.php?rest_route=%2Fwp%2Fv2%2Fcomments&post=399"}],"version-history":[{"count":7,"href":"https:\/\/www-lmpa.univ-littoral.fr\/~sic\/wordpress\/index.php?rest_route=\/wp\/v2\/pages\/399\/revisions"}],"predecessor-version":[{"id":1565,"href":"https:\/\/www-lmpa.univ-littoral.fr\/~sic\/wordpress\/index.php?rest_route=\/wp\/v2\/pages\/399\/revisions\/1565"}],"up":[{"embeddable":true,"href":"https:\/\/www-lmpa.univ-littoral.fr\/~sic\/wordpress\/index.php?rest_route=\/wp\/v2\/pages\/96"}],"wp:attachment":[{"href":"https:\/\/www-lmpa.univ-littoral.fr\/~sic\/wordpress\/index.php?rest_route=%2Fwp%2Fv2%2Fmedia&parent=399"}],"curies":[{"name":"wp","href":"https:\/\/api.w.org\/{rel}","templated":true}]}}