{"id":406,"date":"2004-11-27T10:50:39","date_gmt":"2004-11-27T10:50:39","guid":{"rendered":"http:\/\/www.lmpa.univ-littoral.fr\/SIC\/?page_id=406"},"modified":"2004-11-27T10:50:39","modified_gmt":"2004-11-27T10:50:39","slug":"seminaire-du-27-novembre-2004-a-paris","status":"publish","type":"page","link":"https:\/\/www-lmpa.univ-littoral.fr\/~sic\/wordpress\/?page_id=406","title":{"rendered":"S\u00e9minaire du 27 novembre 2004 \u00e0 Paris"},"content":{"rendered":"<p>Lieu: Universit\u00e9 de Paris 7, 175 rue du Chevaleret, salle 0C5<\/p>\n<p>Organisation: Ren\u00e9 Guitart<\/p>\n<p>Programme:<br \/>\n10h-10h45 : Dominique Bourn, Image directe d&#8217;intersection dans les cat\u00e9gories semi-ab\u00e9liennes.<br \/>\n10h50-11h35 : Richard Mijoule, Objet des preuves dans une 2-cat\u00e9gorie.<br \/>\n11h40-12h25 : Pierre Damphousse, Le mono\u00efde des mutations de cartes cellulaires.<br \/>\n12h30-14h : Repas.<br \/>\n14h15-15h : Albert Burroni, Traitement graphique de la cor\u00e9cursivit\u00e9.<br \/>\n15h05-15h50 : Luigi Santocanale, Quelques propri\u00e9t\u00e9s des cat\u00e9gories bicompl\u00e8tes libres (travail joint avec Robin Cockett).<br \/>\n16h05-16h50 : Francis Borceux, La repr\u00e9sentation des actions pour quelques classes d&#8217;anneaux et d&#8217;alg\u00e8bres.<\/p>\n","protected":false},"excerpt":{"rendered":"<p>Lieu: Universit\u00e9 de Paris 7, 175 rue du Chevaleret, salle 0C5 Organisation: Ren\u00e9 Guitart Programme: 10h-10h45 : Dominique Bourn, Image directe d&#8217;intersection dans les cat\u00e9gories semi-ab\u00e9liennes. 10h50-11h35 : Richard Mijoule, Objet des preuves dans une 2-cat\u00e9gorie. 11h40-12h25 : Pierre Damphousse, Le mono\u00efde des mutations de cartes cellulaires. 12h30-14h : Repas. 14h15-15h : Albert Burroni, Traitement [&hellip;]<\/p>\n","protected":false},"author":1,"featured_media":0,"parent":96,"menu_order":0,"comment_status":"closed","ping_status":"closed","template":"","meta":[],"_links":{"self":[{"href":"https:\/\/www-lmpa.univ-littoral.fr\/~sic\/wordpress\/index.php?rest_route=\/wp\/v2\/pages\/406"}],"collection":[{"href":"https:\/\/www-lmpa.univ-littoral.fr\/~sic\/wordpress\/index.php?rest_route=\/wp\/v2\/pages"}],"about":[{"href":"https:\/\/www-lmpa.univ-littoral.fr\/~sic\/wordpress\/index.php?rest_route=\/wp\/v2\/types\/page"}],"author":[{"embeddable":true,"href":"https:\/\/www-lmpa.univ-littoral.fr\/~sic\/wordpress\/index.php?rest_route=\/wp\/v2\/users\/1"}],"replies":[{"embeddable":true,"href":"https:\/\/www-lmpa.univ-littoral.fr\/~sic\/wordpress\/index.php?rest_route=%2Fwp%2Fv2%2Fcomments&post=406"}],"version-history":[{"count":0,"href":"https:\/\/www-lmpa.univ-littoral.fr\/~sic\/wordpress\/index.php?rest_route=\/wp\/v2\/pages\/406\/revisions"}],"up":[{"embeddable":true,"href":"https:\/\/www-lmpa.univ-littoral.fr\/~sic\/wordpress\/index.php?rest_route=\/wp\/v2\/pages\/96"}],"wp:attachment":[{"href":"https:\/\/www-lmpa.univ-littoral.fr\/~sic\/wordpress\/index.php?rest_route=%2Fwp%2Fv2%2Fmedia&parent=406"}],"curies":[{"name":"wp","href":"https:\/\/api.w.org\/{rel}","templated":true}]}}