{"id":432,"date":"2011-04-05T09:51:17","date_gmt":"2011-04-05T09:51:17","guid":{"rendered":"http:\/\/www.lmpa.univ-littoral.fr\/SIC\/?page_id=432"},"modified":"2011-04-05T09:51:17","modified_gmt":"2011-04-05T09:51:17","slug":"seminaire-du-18-juin-2011-a-paris","status":"publish","type":"page","link":"https:\/\/www-lmpa.univ-littoral.fr\/~sic\/wordpress\/?page_id=432","title":{"rendered":"S\u00e9minaire du 18 juin 2011 \u00e0 Paris"},"content":{"rendered":"<p>Lieu : Universit\u00e9 Diderot Paris 7, b\u00e2timent Condorcet, salle Klee 454 A (<a href=\"http:\/\/www.lmpa.univ-littoral.fr\/~sic\/wordpress\/wp-content\/uploads\/2011\/01\/plan_quartier_Univ-Paris-Diderot.pdf\">plan d&#8217;acces<\/a>)<\/p>\n<p>Organisation : Ren\u00e9 Guitart, Jean-Pierre Laffineur et Anatole Khelif, au soutien de Marc Lachi\u00e8ze-Rey et du laboratoire APC (AstroParticule &amp; Cosmologie)<\/p>\n<p>Programme :<\/p>\n<p>09h45-10h30 : Tomas Everaert \u2014 Regularity of categories of regular epimorphisms<br \/>\n10h40-11h25 : Jean-Pierre Laffineur \u2014 Esquisses et Diagrammes Localement Libres<br \/>\n11h35-12h20 : Jean B\u00e9nabou \u2014 All\u00e9gories et cat\u00e9gories de fractions<br \/>\n14h15-15h00 : Alexander Zimmermann \u2014 Etudes de cat\u00e9gories stables selon Auslander-Reiten<br \/>\n15h10-15h55 : Albert Burroni \u2014 Sur un concept d&#8217;arit\u00e9 structur\u00e9e<br \/>\n16h05-16h50 : Tim Van der Linden \u2014 Modules crois\u00e9s et l&#8217;obstruction du commutateur ternaire<\/p>\n<p>R\u00e9sum\u00e9s :<\/p>\n<p>Jean B\u00e9nabou \u2014 All\u00e9gories et cat\u00e9gories de fractions.<br \/>\nUne congruence sur une all\u00e9gorie $A$ est une relation d&#8217;\u00e9quivalence $R$ sur les \ufb02\u00e8ches de $A$ qui n&#8217;identi\ufb01e que des couples ayant m\u00eame source et m\u00eame but et est compatible avec toutes les \u201cop\u00e9rations\u201d. Elle d\u00e9termine une all\u00e9gorie quotient $A\/R$ et un morphisme d&#8217;all\u00e9gories $P \\colon A \\to A\/R$, qui induit un foncteur ${\\sf Map}(P) \\colon {\\sf Map}(A) \\to {\\sf Map}(A\/R)$. Pour $A$ arbitraire, on ne peut dire de cette correspondance que des trivialit\u00e9s de \u201cl&#8217;alg\u00e8bre universelle\u201d. Mais quand A est tabulaire on en a une description tr\u00e8s pr\u00e9cise: (i) $R$ est caract\u00e9ris\u00e9e par la classe $KER(R)$ des morphismes invers\u00e9s par ${\\sf Map}(P)$. (ii) $KER(R)$ a un calcul de fractions, ${\\sf Map}(A\/R)$ est la cat\u00e9gorie de fractions de ${\\sf Map}(A)$ o\u00f9 l&#8217;on inverse $KER(R)$ et ${\\sf Map}(P)$ est la \u201cprojection\u201d de ${\\sf Map}(A)$ sur cette cat\u00e9gorie de fractions. (iii) $KER(R)$ est elle m\u00eame d\u00e9termin\u00e9e par la classe $D(R)$ de ses monos, (appel\u00e9s \u201cdense\u201d) (iv) Si $K$ et $D$ sont des classes de \ufb02\u00e8ches et de monos de ${\\sf Map}(A)$ on sait donner des C.N.S. pour qu&#8217;elles soient de la forme $KER(R)$ et $D(R)$. Un \u201cpont\u201d complet est ainsi jet\u00e9 entre congruences sur les all\u00e9gories tabulaires et cat\u00e9gories de fractions. On donnera de nombreuses cons\u00e9quences, et une interpr\u00e9tation en termes de \u201clogique cat\u00e9gorique\u201d de cette correspondance.<\/p>\n<p>Albert Burroni \u2014 Sur un concept d&#8217;arit\u00e9 structur\u00e9e.<br \/>\nClassiquement, les op\u00e9rations alg\u00e9briques sur les ensembles sont caract\u00e9ris&#8217;ees par une arit\u00e9 qui est un entier naturel. En \u00e9tendant consid\u00e9rablement le concept de structure alg\u00e9brique, la th\u00e9orie des cat\u00e9gories a, par l\u00e0-m\u00eame, \u00e9tendu celui d&#8217;arit\u00e9 (et de coarit\u00e9). Une r\u00e9flexion sur des exemples montre que ce concept, convenablement g\u00e9n\u00e9ralis\u00e9, possde un pouvoir expressif important (de nature g\u00e9om\u00e9trique) sur les structures qu&#8217;il cherche d\u00e9crire. Pouvoir qui semble avoir \u00e9t\u00e9 inemploy\u00e9 jusqu&#8217;ici.<\/p>\n<p>Tomas Everaert \u2014 Regularity of categories of regular epimorphisms.<br \/>\nFor a regular category, the category of regular epimorphisms in it is usually not Barr exact, even for \u201dvery nice\u201d regular categories such as abelian ones. It happens far more often, though, that the category of regular epimorphisms is regular: this is the case, for instance, for any abelian or even semi-abelian category, or for any category of topological semi-abelian algebras. As we shall see, this property has some strong and, perhaps, unexpected consequences, related to descent theory, Galois theory, and the existence of semidirect products.<\/p>\n<p>Jean-Pierre Laffineur \u2014 Esquisses et Diagrammes Localement Libres.<br \/>\nC&#8217;est en 1981 que R. Guitart et C. Lair ont introduit le concept de Diagramme Localement Libre comme g\u00e9n\u00e9ralisation des familles libres ou localisations au sens de Y. Diers en vue d&#8217;application au calcul des mod\u00e8les et des formules internes issus de la th\u00e9orie g\u00e9n\u00e9rale des Esquisses. Nous verrons une construction qui permet de passer d&#8217;un Diagramme Localement Libre dans une cat\u00e9gorie A \u00e0 un Objet Libre dans une \u201ccat\u00e9gorie technique\u201d au dessus de la cat\u00e9gorie A. Nous en donnerons une application et quelques exemples dans le cadre de la th\u00e9orie des esquisses.<\/p>\n<p>Tim Van der Linden \u2014 Modules crois\u00e9s et l&#8217;obstruction du commutateur ternaire.<br \/>\nOn d\u00e9crit la notion de module crois\u00e9 interne en termes d&#8217;effets crois\u00e9s du foncteur identit\u00e9. Ces effets crois\u00e9s nous donnent des versions sup\u00e9rieures du commutateur de Higgins, ce qui nous permet de d\u00e9crire les modules (pr\u00e9)crois\u00e9s, les modules de Beck et les extensions ab\u00e9liennes dans une cat\u00e9gorie semi-ab\u00e9lienne quelconque d&#8217;une mani\u00e8re tr\u00e8s proche du cas des groupes. L&#8217;obstruction qui emp\u00eache un graphe de Peiffer d&#8217;\u00eatre un groupo\u00efde \u2014 oppos\u00e9e \u00e0 la condition Smith = Huq, invisible dans la cat\u00e9gorie des groupe \u2014 peut maintenant \u00eatre exprim\u00e9e d&#8217;une fa\u00e7on computationnelle : comme un certain commutateur ternaire. Travail en collaboration avec M. Hartl.<\/p>\n<p>Alexander Zimmermann \u2014 Etudes de cat\u00e9gories stables selon Auslander-Reiten.<br \/>\nLa cat\u00e9gorie stable d&#8217;une alg\u00e8bre $A$ est une structure assez faible associ\u00e9e \u00e0 $A$. Si $A$ est auto-injective, la cat\u00e9gorie stable est triangul\u00e9e. Malgr\u00e9 la souplesse de la cat\u00e9gorie stable certaines propri\u00e9t\u00e9s int\u00e9ressantes de l&#8217;alg\u00e8bre se retrouvent dans cette cat\u00e9gorie. Auslander-Reiten ont \u00e9tudi\u00e9 des propri\u00e9t\u00e9s comme le nombre des classes d&#8217;isomorphisme de modules simples, les modules projectifs, injectifs, et similaires. L&#8217;homologie et la cohomologie de Hochschild des degr\u00e9s strictement positifs est une structure qui se retrouve dans la cat\u00e9gorie stable. En degr\u00e9 $0$ ceci n&#8217;est pas vrai. Dans un travail avec Yuming Liu et Guodong Zhou nous avons mis en \u00e9vidence un lien entre l&#8217;invariance du nombre de classes d&#8217;isomorphisme de modules simples et l&#8217;invariance de la dimension de l&#8217;homologie de degr\u00e9 $0$.<\/p>\n","protected":false},"excerpt":{"rendered":"<p>Lieu : Universit\u00e9 Diderot Paris 7, b\u00e2timent Condorcet, salle Klee 454 A (plan d&#8217;acces) Organisation : Ren\u00e9 Guitart, Jean-Pierre Laffineur et Anatole Khelif, au soutien de Marc Lachi\u00e8ze-Rey et du laboratoire APC (AstroParticule &amp; Cosmologie) Programme : 09h45-10h30 : Tomas Everaert \u2014 Regularity of categories of regular epimorphisms 10h40-11h25 : Jean-Pierre Laffineur \u2014 Esquisses et [&hellip;]<\/p>\n","protected":false},"author":1,"featured_media":0,"parent":96,"menu_order":0,"comment_status":"closed","ping_status":"closed","template":"","meta":[],"_links":{"self":[{"href":"https:\/\/www-lmpa.univ-littoral.fr\/~sic\/wordpress\/index.php?rest_route=\/wp\/v2\/pages\/432"}],"collection":[{"href":"https:\/\/www-lmpa.univ-littoral.fr\/~sic\/wordpress\/index.php?rest_route=\/wp\/v2\/pages"}],"about":[{"href":"https:\/\/www-lmpa.univ-littoral.fr\/~sic\/wordpress\/index.php?rest_route=\/wp\/v2\/types\/page"}],"author":[{"embeddable":true,"href":"https:\/\/www-lmpa.univ-littoral.fr\/~sic\/wordpress\/index.php?rest_route=\/wp\/v2\/users\/1"}],"replies":[{"embeddable":true,"href":"https:\/\/www-lmpa.univ-littoral.fr\/~sic\/wordpress\/index.php?rest_route=%2Fwp%2Fv2%2Fcomments&post=432"}],"version-history":[{"count":0,"href":"https:\/\/www-lmpa.univ-littoral.fr\/~sic\/wordpress\/index.php?rest_route=\/wp\/v2\/pages\/432\/revisions"}],"up":[{"embeddable":true,"href":"https:\/\/www-lmpa.univ-littoral.fr\/~sic\/wordpress\/index.php?rest_route=\/wp\/v2\/pages\/96"}],"wp:attachment":[{"href":"https:\/\/www-lmpa.univ-littoral.fr\/~sic\/wordpress\/index.php?rest_route=%2Fwp%2Fv2%2Fmedia&parent=432"}],"curies":[{"name":"wp","href":"https:\/\/api.w.org\/{rel}","templated":true}]}}