{"id":442,"date":"2011-09-14T09:22:52","date_gmt":"2011-09-14T09:22:52","guid":{"rendered":"http:\/\/www.lmpa.univ-littoral.fr\/SIC\/?page_id=442"},"modified":"2011-09-14T09:22:52","modified_gmt":"2011-09-14T09:22:52","slug":"seminaire-du-21-octobre-2011-a-calais","status":"publish","type":"page","link":"https:\/\/www-lmpa.univ-littoral.fr\/~sic\/wordpress\/?page_id=442","title":{"rendered":"S\u00e9minaire du 21 octobre 2011 \u00e0 Calais"},"content":{"rendered":"<p>Lieu : Universit\u00e9 du Littoral-C\u00f4te d\u2019Opale, Calais, salle B.014<\/p>\n<p>Organisation : Dominique Bourn et Isar Stubbe<\/p>\n<p>Programme:<\/p>\n<p>10h00 &#8211; caf\u00e9<br \/>\n10h30 &#8211; expos\u00e9 de Ren\u00e9 Guitart<br \/>\n11h40 &#8211; expos\u00e9 de Mathieu Duckerts<br \/>\n12h50 &#8211; d\u00e9jeuner + caf\u00e9<br \/>\n14h30 &#8211; expos\u00e9 de Isar Stubbe<br \/>\n15h40 &#8211; expos\u00e9 de Enrico Vitale<br \/>\n16h20 &#8211; caf\u00e9<br \/>\n16h40 &#8211; expos\u00e9 de Dominique Bourn<br \/>\n17h50 &#8211; fin<\/p>\n<p>Expos\u00e9s:<\/p>\n<p>Ren\u00e9 Guitart &#8212; La logique borrom\u00e9enne \u00e0 4 \u00e9l\u00e9ments, comme exemple de th\u00e9orie borrom\u00e9enne &#8212; Sur le corps \u00e0 quatre \u00e9l\u00e9ments se combinent, suivant un dispositif hexagonal, 12 logiques bool\u00e9ennes isomorphes et distinctes, dont les alg\u00e8bres de fonctions logiques sont donc isomorphes \u00e0 l&#8217;alg\u00e8bre de Post-Malcev $P_2$, pour produire une logique dont l&#8217;alg\u00e8bre des fonctions est l&#8217;alg\u00e8bre de Post-Malcev $P_4$, que l&#8217;on comprendra alors comme borrom\u00e9enne de quatre fa\u00e7ons. On soulignera que l&#8217;on a l\u00e0 un exemple de pr\u00e9sentation borrom\u00e9enne d&#8217;une th\u00e9orie de Lawvere.<\/p>\n<p>Mathieu Duckerts &#8212; Une description du groupe fondamental en terme de commutateurs et op\u00e9rateurs de fermeture &#8212; On \u00e9tablit une connexion entre l&#8217;approche Galoisienne \u00e0 l&#8217;homologie semi-ab\u00e9lienne et les op\u00e9rateurs de fermeture homologiques. En particulier, une formule de Hopf g\u00e9n\u00e9ralis\u00e9e est obtenue, permettant de prendre de nouveaux types de foncteurs comme coefficients. Cela rend possible le calcul du groupe fondamental correspondant \u00e0 de nombreuses r\u00e9flexions intervenant, par exemple, dans la cat\u00e9gorie des groupes, des anneaux ou des groupes compacts. Travail en collaboration avec Tomas Everaert et Marino Gran.<\/p>\n<p>Isar Stubbe &#8212; Faisceaux d\u00e9guis\u00e9s en modules<\/p>\n<p>Enrico Vitale &#8212; TBA<\/p>\n<p>Dominique Bourn &#8212; Sur l&#8217;exponentiation alg\u00e9brique<\/p>\n<p>Participants (ordre d&#8217;inscription) :<\/p>\n<p>Dominique Bourn<br \/>\nIsar Stubbe<br \/>\nAndr\u00e9e Ehresmann<br \/>\nEnrico Vitale<br \/>\nRen\u00e9 Guitart<br \/>\nEvelyn Barbin<br \/>\nMarino Gran<br \/>\nOlivette Ngaha<br \/>\nMathieu Duckerts<br \/>\nValerian Even<br \/>\nJohn Mandereau<br \/>\nJohn Robert<br \/>\nJacques Penon<br \/>\nElisabeth Vaugelade<br \/>\nBao Long Dang Van<br \/>\nCorentin Drugmand<br \/>\nRoland Cazalis<br \/>\nShalom Eliahou<br \/>\nJean-Pierre Laffineur<\/p>\n","protected":false},"excerpt":{"rendered":"<p>Lieu : Universit\u00e9 du Littoral-C\u00f4te d\u2019Opale, Calais, salle B.014 Organisation : Dominique Bourn et Isar Stubbe Programme: 10h00 &#8211; caf\u00e9 10h30 &#8211; expos\u00e9 de Ren\u00e9 Guitart 11h40 &#8211; expos\u00e9 de Mathieu Duckerts 12h50 &#8211; d\u00e9jeuner + caf\u00e9 14h30 &#8211; expos\u00e9 de Isar Stubbe 15h40 &#8211; expos\u00e9 de Enrico Vitale 16h20 &#8211; caf\u00e9 16h40 &#8211; expos\u00e9 [&hellip;]<\/p>\n","protected":false},"author":1,"featured_media":0,"parent":96,"menu_order":0,"comment_status":"closed","ping_status":"closed","template":"","meta":[],"_links":{"self":[{"href":"https:\/\/www-lmpa.univ-littoral.fr\/~sic\/wordpress\/index.php?rest_route=\/wp\/v2\/pages\/442"}],"collection":[{"href":"https:\/\/www-lmpa.univ-littoral.fr\/~sic\/wordpress\/index.php?rest_route=\/wp\/v2\/pages"}],"about":[{"href":"https:\/\/www-lmpa.univ-littoral.fr\/~sic\/wordpress\/index.php?rest_route=\/wp\/v2\/types\/page"}],"author":[{"embeddable":true,"href":"https:\/\/www-lmpa.univ-littoral.fr\/~sic\/wordpress\/index.php?rest_route=\/wp\/v2\/users\/1"}],"replies":[{"embeddable":true,"href":"https:\/\/www-lmpa.univ-littoral.fr\/~sic\/wordpress\/index.php?rest_route=%2Fwp%2Fv2%2Fcomments&post=442"}],"version-history":[{"count":0,"href":"https:\/\/www-lmpa.univ-littoral.fr\/~sic\/wordpress\/index.php?rest_route=\/wp\/v2\/pages\/442\/revisions"}],"up":[{"embeddable":true,"href":"https:\/\/www-lmpa.univ-littoral.fr\/~sic\/wordpress\/index.php?rest_route=\/wp\/v2\/pages\/96"}],"wp:attachment":[{"href":"https:\/\/www-lmpa.univ-littoral.fr\/~sic\/wordpress\/index.php?rest_route=%2Fwp%2Fv2%2Fmedia&parent=442"}],"curies":[{"name":"wp","href":"https:\/\/api.w.org\/{rel}","templated":true}]}}