{"id":479,"date":"2012-03-09T13:19:57","date_gmt":"2012-03-09T13:19:57","guid":{"rendered":"http:\/\/www.lmpa.univ-littoral.fr\/SIC\/?page_id=479"},"modified":"2012-03-09T13:19:57","modified_gmt":"2012-03-09T13:19:57","slug":"seminaire-du-19-mai-2012-a-louvain-la-neuve","status":"publish","type":"page","link":"https:\/\/www-lmpa.univ-littoral.fr\/~sic\/wordpress\/?page_id=479","title":{"rendered":"S\u00e9minaire du 19 mai 2012 \u00e0 Louvain-la-Neuve"},"content":{"rendered":"<p>Lieu : A l&#8217;Universit\u00e9 catholique de Louvain, Salle CYCL02 du b\u00e2timent Marc de Hemptinne, Chemin du cyclotron 2, 1348, Louvain-la-Neuve, Belgique.<\/p>\n<p>Organisation : Marino Gran, Tim Van der Linden et Enrico Vitale<\/p>\n<p>Programme :<\/p>\n<p>09:45 &#8211; Acceuil<br \/>\n10:00 &#8211; M. M. Clementino &#8211; Filter monads, injectivity and weak factorization systems<br \/>\n10:55 &#8211; D. Coumans &#8211; Generalising canonical extension to the categorical setting<br \/>\n11:50 &#8211; A. Burroni &#8211; Les T-polygraphes<br \/>\n12:40 &#8211; D\u00e9jeuner au <a href=\"http:\/\/www.tcduparc.be\/home3.asp?ClubID=89&amp;LG=FR\">Tennis Club du Parc<\/a> (offert aux participants)<br \/>\n14:20 &#8211; R. Duncan &#8211; Interacting Observables in Categorical Quantum Mechanics<br \/>\n15:15 &#8211; J.-P. Laffineur &#8211; TBA<br \/>\n16:05 &#8211; Pause caf\u00e9<br \/>\n16:20 &#8211; D. Rodelo &#8211; Techniques vari\u00e9tales pour les cat\u00e9gories de Goursat<br \/>\n17:10 &#8211; Fin<\/p>\n<p>Logement : Si vous souhaitez que les organisateurs vous r\u00e9servent une chambre \u00e0 l&#8217;H\u00f4tel Mercure (le seul h\u00f4tel \u00e0 Louvain-la-Neuve) au tarif r\u00e9serv\u00e9 aux professeurs invit\u00e9s de l&#8217;UCL (88 euro pour une chambre simple, avec petit d\u00e9jeuner), contactez-les par mail (marino.gran [at] uclouvain.be).<\/p>\n<p>Participants :<\/p>\n<p>Evelyne Barbin &#8211; Universit\u00e9 de Nantes<br \/>\nDominique Bourn &#8211; Universit\u00e9 du Littoral-C\u00f4te d&#8217;Opale, Calais<br \/>\nAlbert Burroni &#8211; Universit\u00e9 Paris 7 Denis Diderot<br \/>\nElisabeth Burroni &#8211; Universit\u00e9 Paris 7 Denis Diderot<br \/>\nMaria Manuel Clementino &#8211; Universidade de Coimbra<br \/>\nDion Coumans &#8211; Radboud Universiteit Nijmegen<br \/>\nBao Dang Van &#8211; Universit\u00e9 catholique de Louvain<br \/>\nMathieu Duckerts &#8211; Universit\u00e9 catholique de Louvain<br \/>\nRoss Duncan &#8211; Universit\u00e9 libre de Bruxelles<br \/>\nAndr\u00e9e Charles Ehresmann &#8211; Universit\u00e9 de Picardie, Amiens<br \/>\nVal\u00e9rian Even &#8211; Universit\u00e9 catholique de Louvain<br \/>\nTomas Everaert &#8211; Vrije Universiteit Brussel<br \/>\nMarino Gran &#8211; Universit\u00e9 catholique de Louvain<br \/>\nRen\u00e9 Guitart &#8211; Universit\u00e9 Paris 7 Denis Diderot<br \/>\nGabriel Kadjo &#8211; Universit\u00e9 catholique de Louvain<br \/>\nRudger Kieboom &#8211; Vrije Universiteit Brussel<br \/>\nJean-Pierre Laffineur<br \/>\nSandra Mantovani &#8211; Universit\u00e0 degli Studi di Milano<br \/>\nGiuseppe Metere &#8211; Universit\u00e0 degli Studi di Milano<br \/>\nAndrea Montoli &#8211; Universidade de Coimbra<br \/>\nJohnny Robert<br \/>\nDiana Rodelo &#8211; Universidade do Algarve, Faro<br \/>\nIsar Stubbe &#8211; Universit\u00e9 du Littoral-C\u00f4te d&#8217;Opale, Calais<br \/>\nTim Van der Linden &#8211; Universit\u00e9 catholique de Louvain<br \/>\nEnrico Vitale &#8211; Universit\u00e9 catholique de Louvain<\/p>\n","protected":false},"excerpt":{"rendered":"<p>Lieu : A l&#8217;Universit\u00e9 catholique de Louvain, Salle CYCL02 du b\u00e2timent Marc de Hemptinne, Chemin du cyclotron 2, 1348, Louvain-la-Neuve, Belgique. Organisation : Marino Gran, Tim Van der Linden et Enrico Vitale Programme : 09:45 &#8211; Acceuil 10:00 &#8211; M. M. Clementino &#8211; Filter monads, injectivity and weak factorization systems 10:55 &#8211; D. Coumans &#8211; [&hellip;]<\/p>\n","protected":false},"author":1,"featured_media":0,"parent":96,"menu_order":0,"comment_status":"closed","ping_status":"closed","template":"","meta":[],"_links":{"self":[{"href":"https:\/\/www-lmpa.univ-littoral.fr\/~sic\/wordpress\/index.php?rest_route=\/wp\/v2\/pages\/479"}],"collection":[{"href":"https:\/\/www-lmpa.univ-littoral.fr\/~sic\/wordpress\/index.php?rest_route=\/wp\/v2\/pages"}],"about":[{"href":"https:\/\/www-lmpa.univ-littoral.fr\/~sic\/wordpress\/index.php?rest_route=\/wp\/v2\/types\/page"}],"author":[{"embeddable":true,"href":"https:\/\/www-lmpa.univ-littoral.fr\/~sic\/wordpress\/index.php?rest_route=\/wp\/v2\/users\/1"}],"replies":[{"embeddable":true,"href":"https:\/\/www-lmpa.univ-littoral.fr\/~sic\/wordpress\/index.php?rest_route=%2Fwp%2Fv2%2Fcomments&post=479"}],"version-history":[{"count":0,"href":"https:\/\/www-lmpa.univ-littoral.fr\/~sic\/wordpress\/index.php?rest_route=\/wp\/v2\/pages\/479\/revisions"}],"up":[{"embeddable":true,"href":"https:\/\/www-lmpa.univ-littoral.fr\/~sic\/wordpress\/index.php?rest_route=\/wp\/v2\/pages\/96"}],"wp:attachment":[{"href":"https:\/\/www-lmpa.univ-littoral.fr\/~sic\/wordpress\/index.php?rest_route=%2Fwp%2Fv2%2Fmedia&parent=479"}],"curies":[{"name":"wp","href":"https:\/\/api.w.org\/{rel}","templated":true}]}}