{"id":501,"date":"2013-01-16T15:00:26","date_gmt":"2013-01-16T15:00:26","guid":{"rendered":"http:\/\/www.lmpa.univ-littoral.fr\/SIC\/?page_id=501"},"modified":"2023-08-19T14:03:30","modified_gmt":"2023-08-19T14:03:30","slug":"seminaire-du-8-mars-2013-a-calais","status":"publish","type":"page","link":"https:\/\/www-lmpa.univ-littoral.fr\/~sic\/wordpress\/?page_id=501","title":{"rendered":"S\u00e9minaire du 8 mars 2013 \u00e0 Calais"},"content":{"rendered":"<p>Lieu: Labo de math de l&#8217;Universit\u00e9 du Littoral \u00e0 Calais, salle B.014<\/p>\n<p>Organisation: Isar Stubbe (avec l&#8217;aide indispensable de Isabelle Buchard et Ga\u00eblle Compi\u00e8gne)<\/p>\n<p>Programme:<\/p>\n<p>10h30 &#8211; accueil avec caf\u00e9<br \/>\n11h00 &#8211; expos\u00e9 de Guitart<br \/>\n11h50 &#8211; expos\u00e9 de Coecke (<a href=\"http:\/\/www-lmpa.univ-littoral.fr\/~sic\/wordpress\/wp-content\/uploads\/2013\/03\/BobCoeckeCalais.pdf\">pr\u00e9sentation<\/a>)<br \/>\n12h40 &#8211; repas et caf\u00e9<br \/>\n14h20 &#8211; expos\u00e9 de Bourn<br \/>\n15h10 &#8211; expos\u00e9 de Ngaha<br \/>\n16h00 &#8211; caf\u00e9<br \/>\n16h10 &#8211; expos\u00e9 de Van der Linden (<a href=\"http:\/\/www-lmpa.univ-littoral.fr\/~sic\/wordpress\/wp-content\/uploads\/2013\/01\/TimVanderLindenCalais.pdf\">pr\u00e9sentation<\/a>)<br \/>\n17h00 &#8211; fin<\/p>\n<p>Orateurs et titres:<\/p>\n<p>Ren\u00e9 Guitart &#8211; Trijunctions and trimodules<br \/>\nTim Van der Linden &#8211; Les cat\u00e9gories p\u00e9ri-ab\u00e9liennes comme cadre ad\u00e9quat pour la th\u00e9orie des extensions centrales universelles<br \/>\nDominique Bourn &#8211; La question conceptuelle du normalisateur<br \/>\nBob Coecke &#8211; Selling category theory to the masses: a tale of food, spiders and Google<br \/>\nOlivette Ngaha &#8211; Morphismes de descente effective dans les cat\u00e9gories star-r\u00e9guli\u00e8res<\/p>\n<p>Participants:<\/p>\n<p>Andr\u00e9e Ehresmann (Amiens)<br \/>\nRen\u00e9 Guitart (Paris)<br \/>\nEvelyne Barbin (Nantes)<br \/>\nEnrico Vitale (Louvain-la-Neuve)<br \/>\nMarino Gran (Louvain-la-Neuve)<br \/>\nRoland Cazalis (Namur)<br \/>\nJacques Penon (Paris)<br \/>\nTim Van der Linden (Louvain-la-Neuve)<br \/>\nCorentin Drugmand (Louvain-la-Neuve)<br \/>\nDominique Bourn (Calais)<br \/>\nBob Coecke (Oxford)<br \/>\nElisabeth Vaugelade (Amiens)<br \/>\nVal\u00e9rian Even (Louvain-la-Neuve)<br \/>\nOlivette Ngaha (Louvain-la-Neuve)<br \/>\nGabriel Kadjo (Louvain-la-Neuve)<br \/>\nMathieu Duckerts (Louvain-la-Neuve)<br \/>\nSelma D\u00fcndar (Zurich)<br \/>\nJohn Robert (Bruxelles)<br \/>\nBruno Loiseau (Valenciennes)<br \/>\nJoost Vercruysse (Bruxelles)<br \/>\nEliezer Batista (Santa Catarina, Bruxelles)<br \/>\nJean-Pierre Laffineur (Paris)<br \/>\nMichael Wright (Foug\u00e8res)<br \/>\nIsar Stubbe (Calais)<\/p>\n","protected":false},"excerpt":{"rendered":"<p>Lieu: Labo de math de l&#8217;Universit\u00e9 du Littoral \u00e0 Calais, salle B.014 Organisation: Isar Stubbe (avec l&#8217;aide indispensable de Isabelle Buchard et Ga\u00eblle Compi\u00e8gne) Programme: 10h30 &#8211; accueil avec caf\u00e9 11h00 &#8211; expos\u00e9 de Guitart 11h50 &#8211; expos\u00e9 de Coecke (pr\u00e9sentation) 12h40 &#8211; repas et caf\u00e9 14h20 &#8211; expos\u00e9 de Bourn 15h10 &#8211; expos\u00e9 de [&hellip;]<\/p>\n","protected":false},"author":1,"featured_media":0,"parent":96,"menu_order":0,"comment_status":"closed","ping_status":"closed","template":"","meta":[],"_links":{"self":[{"href":"https:\/\/www-lmpa.univ-littoral.fr\/~sic\/wordpress\/index.php?rest_route=\/wp\/v2\/pages\/501"}],"collection":[{"href":"https:\/\/www-lmpa.univ-littoral.fr\/~sic\/wordpress\/index.php?rest_route=\/wp\/v2\/pages"}],"about":[{"href":"https:\/\/www-lmpa.univ-littoral.fr\/~sic\/wordpress\/index.php?rest_route=\/wp\/v2\/types\/page"}],"author":[{"embeddable":true,"href":"https:\/\/www-lmpa.univ-littoral.fr\/~sic\/wordpress\/index.php?rest_route=\/wp\/v2\/users\/1"}],"replies":[{"embeddable":true,"href":"https:\/\/www-lmpa.univ-littoral.fr\/~sic\/wordpress\/index.php?rest_route=%2Fwp%2Fv2%2Fcomments&post=501"}],"version-history":[{"count":3,"href":"https:\/\/www-lmpa.univ-littoral.fr\/~sic\/wordpress\/index.php?rest_route=\/wp\/v2\/pages\/501\/revisions"}],"predecessor-version":[{"id":1308,"href":"https:\/\/www-lmpa.univ-littoral.fr\/~sic\/wordpress\/index.php?rest_route=\/wp\/v2\/pages\/501\/revisions\/1308"}],"up":[{"embeddable":true,"href":"https:\/\/www-lmpa.univ-littoral.fr\/~sic\/wordpress\/index.php?rest_route=\/wp\/v2\/pages\/96"}],"wp:attachment":[{"href":"https:\/\/www-lmpa.univ-littoral.fr\/~sic\/wordpress\/index.php?rest_route=%2Fwp%2Fv2%2Fmedia&parent=501"}],"curies":[{"name":"wp","href":"https:\/\/api.w.org\/{rel}","templated":true}]}}