{"id":590,"date":"2013-11-28T09:14:40","date_gmt":"2013-11-28T09:14:40","guid":{"rendered":"http:\/\/www.lmpa.univ-littoral.fr\/SIC\/?page_id=590"},"modified":"2013-11-28T09:14:40","modified_gmt":"2013-11-28T09:14:40","slug":"seminaire-du-14-fevrier-2014-a-calais","status":"publish","type":"page","link":"https:\/\/www-lmpa.univ-littoral.fr\/~sic\/wordpress\/?page_id=590","title":{"rendered":"S\u00e9minaire du 14 f\u00e9vrier 2014 \u00e0 Calais"},"content":{"rendered":"<p>Lieu: Labo de math de l\u2019Universit\u00e9 du Littoral \u00e0 Calais (<a href=\"http:\/\/www.lmpa.univ-littoral.fr\/fr\/identite.php#acces\">plan d\u2019acces<\/a>), salle B.014<\/p>\n<p>Organisation: Isar Stubbe (avec l\u2019aide indispensable de Isabelle Buchard et Ga\u00eblle Compi\u00e8gne, et le soutien financier du LMPA)<\/p>\n<p>Inscription: La participation au s\u00e9minaire est gratuite, le repas de midi et les pauses caf\u00e9 seront offerts aux participants inscrits. L&#8217;inscription se fait par simple e-mail \u00e0 Isar Stubbe (isar.stubbe[at]lmpa.univ-littoral.fr, remplacer [at] par @).<\/p>\n<p>Programme:<br \/>\n10h30 \u2013 accueil avec caf\u00e9<br \/>\n11h00 \u2013 Dominique Bourn<br \/>\n11h50 \u2013 Ivo Dell&#8217;Ambrogio<br \/>\n12h40 \u2013 repas et caf\u00e9<br \/>\n14h20 \u2013 Olivette Ngaha<br \/>\n15h10 \u2013 Constanze Roitzheim<br \/>\n16h00 \u2013 caf\u00e9<br \/>\n16h10 \u2013 Ren\u00e9 Guitart<br \/>\n17h00 \u2013 fin <\/p>\n<p>Orateurs et titres:<br \/>\nDominique Bourn (Calais) &#8211; Cat\u00e9gories partiellement de Mal&#8217;cev et partiellement protomodulaires<br \/>\nIvo Dell&#8217;Ambrogio (Lille) &#8211; Un mod\u00e8le de Quillen pour la th\u00e9orie de Morita classique<br \/>\nOlivette Ngaha (Louvain-la-Neuve) &#8211; Th\u00e9or\u00e8mes d\u2019isomorphisme et Lemme de Zassenhaus dans les cat\u00e9gories $\\star$-r\u00e9guli\u00e8res<br \/>\nConstanze Roitzheim (Kent) &#8211; Derived $A_{\\infty}$-algebras and operads<br \/>\nRen\u00e9 Guitart (Paris) &#8211; Les autocat\u00e9gories et leurs repr\u00e9sentations<\/p>\n<p>Participants inscrits (ordre d&#8217;inscription):<br \/>\nIsar Stubbe (Calais)<br \/>\nRen\u00e9 Guitart (Paris)<br \/>\nEvelyne Barbin (Nantes)<br \/>\nOlivette Ngaha (Louvain-la-Neuve)<br \/>\nIvo Dell&#8217;Ambrogio (Lille)<br \/>\nConstanze Roitzheim (Kent)<br \/>\nAndr\u00e9e Ehresmann (Amiens)<br \/>\nJoost Vercruysse (Bruxelles)<br \/>\nTim Van der Linden (Louvain-la-Neuve)<br \/>\nDominique Bourn (Calais)<br \/>\nMarino Gran (Louvain-la-Neuve)<br \/>\nJacques Penon (Paris)<br \/>\nJean Fromentin (Calais)<br \/>\nElisabeth Vaugelade (Amiens)<br \/>\nPierre-Alain Jacqmin (Louvain-la-Neuve)<br \/>\nCorentin Drugman (Louvain-la-Neuve)<br \/>\nJohn Robert (Mons)<br \/>\nJean-Pierre Laffineur (Paris)<br \/>\nJoachim von Below (Calais)<br \/>\nShalom Eliahou (Calais)<\/p>\n<p>Quelques informations pratiques:<br \/>\n<em>Venir en voiture:<\/em> Nous ne sommes pas loin de la E40\/A16. Voir <a href=\"http:\/\/www.lmpa.univ-littoral.fr\/fr\/identite.php#acces\">ici pour un plan d&#8217;acc\u00e8s<\/a>.<br \/>\n<em>Venir en train:<\/em> Le TER du Nord-Pas-de-Calais relie la gare de Calais-Ville avec la gare de Lille-Flandres et la gare d&#8217;Amiens (ligne 11\/12) mais aussi avec Lens et Arras (ligne 7). Voir <a href=\"http:\/\/www.ter-sncf.com\/Regions\/nord_pas_de_calais\/Fr\/Se_deplacer_en_TER\/Avant_mon_voyage\/Plan_de_ligne\/Carte_Flash.aspx\">ici pour un plan du reseau<\/a>, <a href=\"http:\/\/www.ter-sncf.com\/Regions\/nord_pas_de_calais\/Fr\/Se_deplacer_en_TER\/Avant_mon_voyage\/Fiches_horaires\/Default.aspx\">ici pour consulter des fiches horaires par ligne<\/a>, et <a href=\"http:\/\/www.ter-sncf.com\/Regions\/nord_pas_de_calais\/Fr\/Se_deplacer_en_TER\/Avant_mon_voyage\/Recherche_d_itineraires\/Default.aspx\">ici pour calculer un itin\u00e9raire<\/a>. De Calais-Ville on peut prendre <a href=\"http:\/\/www.sitac-calais-opale-bus.fr\/media\/com_infosvoyageurs\/ficheshoraires\/PlanLigne4Web.pdf\">le bus (ligne 4)<\/a> \u00e0 la fac.<br \/>\n<em>Venir en TGV\/Eurostar:<\/em> La gare de Calais-Fr\u00e9thun se trouve sur les ligne Paris-Lille-Londres et Bruxelles-Lille-Londres. Consultez <a href=\"http:\/\/www.voyages-sncf.com\/\">le site de la SNCF pour les horaires<\/a>. Il y a des navettes entre la gare de Calais-Fr\u00e9thun et celle de Calais-Ville; et \u00e0 Calais-Ville on peut prendre <a href=\"http:\/\/www.sitac-calais-opale-bus.fr\/media\/com_infosvoyageurs\/ficheshoraires\/PlanLigne4Web.pdf\">le bus (ligne 4)<\/a> \u00e0 la fac. Il est aussi possible de prendre un taxi \u00e0 Calais-Fr\u00e9thun (il est conseill\u00e9 de r\u00e9server un taxi, par exemple: \u201cTaxi Radio Calais\u201d, t\u00e9l. 03 21 97 13 14).<br \/>\n<em>Venir du Royaume Uni:<\/em> Bien s\u00fbr il y a l&#8217;<a href=\"http:\/\/www.eurostar.com\/\">Eurostar<\/a>, qui s&#8217;arr\u00eate (parfois) \u00e0 Calais-Fr\u00e9thun, et le <a href=\"http:\/\/www.eurotunnel.com\/uk\/home\/\">Shuttle\/Eurotunnel<\/a> si vous venez en voiture. Mais il est aussi int\u00e9ressant de consulter les horaires des <a href=\"http:\/\/www.aferry.co.uk\/calais-dover-ferry.htm\">Ferries<\/a> (pour pi\u00e9tons et voitures), car plus fr\u00e9quent et souvent moins cher. Entre le port de Calais et la gare de Calais-Ville, il y a une navette gratuite; et de Calais-Ville on peut prendre <a href=\"http:\/\/www.sitac-calais-opale-bus.fr\/media\/com_infosvoyageurs\/ficheshoraires\/PlanLigne4Web.pdf\">le bus (ligne 4)<\/a> \u00e0 la fac.<br \/>\n<em>Passer la nuit \u00e0 Calais:<\/em> Il y a bien s\u00fbr plusieurs h\u00f4tels \u00e0 Calais. Dans le centre historique de Calais (\u201cCalais Nord\u201d) il y a l\u2019H\u00f4tel Victoria, l\u2019H\u00f4tel Pacific, l\u2019H\u00f4tel Meurice, le Mercure Calais Centre, et bien d\u2019autres. Voir<a href=\"http:\/\/saxo.univ-littoral.fr\/CT08\/accommodation.html\"> le site web du CT08<\/a> pour quelques informations utiles (mais un peu dat\u00e9es).<\/p>\n","protected":false},"excerpt":{"rendered":"<p>Lieu: Labo de math de l\u2019Universit\u00e9 du Littoral \u00e0 Calais (plan d\u2019acces), salle B.014 Organisation: Isar Stubbe (avec l\u2019aide indispensable de Isabelle Buchard et Ga\u00eblle Compi\u00e8gne, et le soutien financier du LMPA) Inscription: La participation au s\u00e9minaire est gratuite, le repas de midi et les pauses caf\u00e9 seront offerts aux participants inscrits. L&#8217;inscription se fait [&hellip;]<\/p>\n","protected":false},"author":1,"featured_media":0,"parent":96,"menu_order":0,"comment_status":"closed","ping_status":"closed","template":"","meta":[],"_links":{"self":[{"href":"https:\/\/www-lmpa.univ-littoral.fr\/~sic\/wordpress\/index.php?rest_route=\/wp\/v2\/pages\/590"}],"collection":[{"href":"https:\/\/www-lmpa.univ-littoral.fr\/~sic\/wordpress\/index.php?rest_route=\/wp\/v2\/pages"}],"about":[{"href":"https:\/\/www-lmpa.univ-littoral.fr\/~sic\/wordpress\/index.php?rest_route=\/wp\/v2\/types\/page"}],"author":[{"embeddable":true,"href":"https:\/\/www-lmpa.univ-littoral.fr\/~sic\/wordpress\/index.php?rest_route=\/wp\/v2\/users\/1"}],"replies":[{"embeddable":true,"href":"https:\/\/www-lmpa.univ-littoral.fr\/~sic\/wordpress\/index.php?rest_route=%2Fwp%2Fv2%2Fcomments&post=590"}],"version-history":[{"count":0,"href":"https:\/\/www-lmpa.univ-littoral.fr\/~sic\/wordpress\/index.php?rest_route=\/wp\/v2\/pages\/590\/revisions"}],"up":[{"embeddable":true,"href":"https:\/\/www-lmpa.univ-littoral.fr\/~sic\/wordpress\/index.php?rest_route=\/wp\/v2\/pages\/96"}],"wp:attachment":[{"href":"https:\/\/www-lmpa.univ-littoral.fr\/~sic\/wordpress\/index.php?rest_route=%2Fwp%2Fv2%2Fmedia&parent=590"}],"curies":[{"name":"wp","href":"https:\/\/api.w.org\/{rel}","templated":true}]}}