{"id":636,"date":"2014-02-18T12:36:59","date_gmt":"2014-02-18T12:36:59","guid":{"rendered":"http:\/\/www.lmpa.univ-littoral.fr\/SIC\/?page_id=636"},"modified":"2023-08-19T13:53:20","modified_gmt":"2023-08-19T13:53:20","slug":"seminaire-du-17-mai-2014-a-louvain-la-neuve","status":"publish","type":"page","link":"https:\/\/www-lmpa.univ-littoral.fr\/~sic\/wordpress\/?page_id=636","title":{"rendered":"S\u00e9minaire du 17 mai 2014 \u00e0 Louvain-la-Neuve"},"content":{"rendered":"<p>Lieu: salle CYCL02, b\u00e2timent Marc de Hemptinne (dit &#8220;le cyclotron&#8221;), Universit\u00e9 catholique de Louvain, Chemin du cyclotron 2, 1348, Louvain-la-Neuve, Belgique; <a href=\"http:\/\/maps.google.be\/maps?q=50.665893,4.623334&amp;num=1&amp;sll=50.666059,4.623355&amp;sspn=0.006295,0.006295&amp;ie=UTF8&amp;ll=50.666056,4.623495&amp;spn=0.004026,0.006899&amp;z=17\">voici un plan<\/a>.<\/p>\n<p>Organisation: Marino Gran (marino.gran [at] uclouvain.be), Tim Van der Linden (tim.vanderlinden [at] uclouvain.be) et Enrico Vitale (enrico.vitale [at] uclouvain.be)<\/p>\n<p>Inscription: par mail aux organisateurs (remplacer [at] par @)<\/p>\n<p>Site web local: <a href=\"http:\/\/sites.uclouvain.be\/bcts\/sic2014\/\">http:\/\/sites.uclouvain.be\/bcts\/sic2014\/<\/a><\/p>\n<p>Programme:<br \/>\n09:15 &#8211; Accueil<br \/>\n09:30 &#8211; M. M. Clementino &#8211; The monads of classical algebra are seldom weakly cartesian<br \/>\n10:20 &#8211; A. Montoli \u2013 Mono\u00efdes et cat\u00e9gories point\u00e9es S-protomodulaires<br \/>\n11:10 &#8211; Pause caf\u00e9<br \/>\n11:40 &#8211; J. B\u00e9nabou \u2013 Cat\u00e9gories feuillet\u00e9es et foncteurs cart\u00e9siens<br \/>\n12:30 &#8211; D\u00e9jeuner offert aux participants inscrits avant fin avril<br \/>\n14:30 &#8211; G. Metere \u2013 How to get a snail from a butterfly<br \/>\n15:20 &#8211; A. Cigoli \u2013 Peiffer product and Peiffer commutator for internal pre-crossed modules<br \/>\n16:10 &#8211; Pause caf\u00e9<br \/>\n16:40 &#8211; P.-A. Melli\u00e8s \u2013 Tensorial logic and braided notions of dialogue categories<br \/>\n17:30 &#8211; Fin<\/p>\n<p>Participants inscrits:<br \/>\nOmar Abbad (Universit\u00e9 Chouaib Doukkali)<br \/>\nEttore Aldrovandi (Florida State University)<br \/>\nEvelyne Barbin (Universit\u00e9 de Nantes)<br \/>\nJean B\u00e9nabou (Universit\u00e9 Paris Nord)<br \/>\nFrancis Borceux (Universit\u00e9 catholique de Louvain)<br \/>\nValeriya Chasova (Universit\u00e9 catholique de Louvain)<br \/>\nAlan Cigoli (Universit\u00e0 degli Studi di Milano)<br \/>\nMaria Manuel Clementino (Universidade de Coimbra)<br \/>\nCorentin Drugmand (Universit\u00e9 catholique de Louvain)<br \/>\nMathieu Duckerts (Universit\u00e9 catholique de Louvain)<br \/>\nAndr\u00e9e Charles Ehresmann (Universit\u00e9 de Picardie, Amiens)<br \/>\nVal\u00e9rian Even (Universit\u00e9 catholique de Louvain)<br \/>\nTomas Everaert (Vrije Universiteit Brussel)<br \/>\nMarino Gran (Universit\u00e9 catholique de Louvain)<br \/>\nRen\u00e9 Guitart (Universit\u00e9 Paris Diderot)<br \/>\nGabriel Kadjo (Universit\u00e9 catholique de Louvain)<br \/>\nRudger Kieboom (Vrije Universiteit Brussel)<br \/>\nJean-Pierre Laffineur (Universit\u00e9 Paris Diderot)<br \/>\nBruno Loiseau (Universit\u00e9 de Valenciennes)<br \/>\nSandra Mantovani (Universit\u00e0 degli Studi di Milano)<br \/>\nNelson Martins-Ferreira (Instituto Polit\u00e9cnico de Leiria)<br \/>\nPaul-Andr\u00e9 Melli\u00e8s (Universit\u00e9 Paris Diderot)<br \/>\nGiuseppe Metere (Universit\u00e0 degli Studi di Palermo)<br \/>\nAndrea Montoli (Universidade de Coimbra)<br \/>\nOlivette Ngaha (Universit\u00e9 catholique de Louvain)<br \/>\nJean-Emmanuel Perez Hernandez (Universit\u00e9 catholique de Louvain)<br \/>\nJohnny Robert (Bruxelles, Mons)<br \/>\nJean-Roger Roisin (Universit\u00e9 catholique de Louvain)<br \/>\nSimeu Cyrille Sandry (Universit\u00e0 degli Studi di Siena)<br \/>\nMark Sioen (Vrije Universiteit Brussel)<br \/>\nIsar Stubbe (Universit\u00e9 du Littoral-C\u00f4te d&#8217;Opale, Calais)<br \/>\nTim Van der Linden (Universit\u00e9 catholique de Louvain)<br \/>\nEnrico Vitale (Universit\u00e9 catholique de Louvain)<br \/>\nMichael Wright (Foug\u00e8res)<\/p>\n<p>Photos de groupe (prises par Beppe Metere):&nbsp;<a href=\"http:\/\/www-lmpa.univ-littoral.fr\/~sic\/wordpress\/wp-content\/uploads\/2014\/07\/sic-lln-2014-1.jpg\">photo 1<\/a> (1.6MB), <a href=\"http:\/\/www-lmpa.univ-littoral.fr\/~sic\/wordpress\/wp-content\/uploads\/2014\/07\/sic-lln-2014-2.jpg\">photo 2<\/a> (1.7MB).<\/p>\n<p>Logement:<br \/>\nSi vous souhaitez r\u00e9server une chambre \u00e0 l&#8217;H\u00f4tel Ibis Style (ex-Mercure, le seul h\u00f4tel \u00e0 Louvain-la-Neuve) n&#8217;h\u00e9sitez pas \u00e0 nous contacter, car nous pouvons faire la r\u00e9servation au tarif pr\u00e9f\u00e9rentiel de l&#8217;UCL (90\u20ac pour une chambre simple, avec petit d\u00e9jeuner). Dans ce cas, nous vous prions de nous contacter avant le 15 mars.<\/p>\n<p>Voyage:<br \/>\nIl est facile de joindre Louvain-la-Neuve en voiture (via l&#8217;E411) ou par train (via Bruxelles \/ Ottignies \/ Louvain-la-Neuve Universit\u00e9).<\/p>\n","protected":false},"excerpt":{"rendered":"<p>Lieu: salle CYCL02, b\u00e2timent Marc de Hemptinne (dit &#8220;le cyclotron&#8221;), Universit\u00e9 catholique de Louvain, Chemin du cyclotron 2, 1348, Louvain-la-Neuve, Belgique; voici un plan. Organisation: Marino Gran (marino.gran [at] uclouvain.be), Tim Van der Linden (tim.vanderlinden [at] uclouvain.be) et Enrico Vitale (enrico.vitale [at] uclouvain.be) Inscription: par mail aux organisateurs (remplacer [at] par @) Site web local: [&hellip;]<\/p>\n","protected":false},"author":1,"featured_media":0,"parent":96,"menu_order":0,"comment_status":"closed","ping_status":"closed","template":"","meta":[],"_links":{"self":[{"href":"https:\/\/www-lmpa.univ-littoral.fr\/~sic\/wordpress\/index.php?rest_route=\/wp\/v2\/pages\/636"}],"collection":[{"href":"https:\/\/www-lmpa.univ-littoral.fr\/~sic\/wordpress\/index.php?rest_route=\/wp\/v2\/pages"}],"about":[{"href":"https:\/\/www-lmpa.univ-littoral.fr\/~sic\/wordpress\/index.php?rest_route=\/wp\/v2\/types\/page"}],"author":[{"embeddable":true,"href":"https:\/\/www-lmpa.univ-littoral.fr\/~sic\/wordpress\/index.php?rest_route=\/wp\/v2\/users\/1"}],"replies":[{"embeddable":true,"href":"https:\/\/www-lmpa.univ-littoral.fr\/~sic\/wordpress\/index.php?rest_route=%2Fwp%2Fv2%2Fcomments&post=636"}],"version-history":[{"count":1,"href":"https:\/\/www-lmpa.univ-littoral.fr\/~sic\/wordpress\/index.php?rest_route=\/wp\/v2\/pages\/636\/revisions"}],"predecessor-version":[{"id":1304,"href":"https:\/\/www-lmpa.univ-littoral.fr\/~sic\/wordpress\/index.php?rest_route=\/wp\/v2\/pages\/636\/revisions\/1304"}],"up":[{"embeddable":true,"href":"https:\/\/www-lmpa.univ-littoral.fr\/~sic\/wordpress\/index.php?rest_route=\/wp\/v2\/pages\/96"}],"wp:attachment":[{"href":"https:\/\/www-lmpa.univ-littoral.fr\/~sic\/wordpress\/index.php?rest_route=%2Fwp%2Fv2%2Fmedia&parent=636"}],"curies":[{"name":"wp","href":"https:\/\/api.w.org\/{rel}","templated":true}]}}