{"id":724,"date":"2015-09-21T08:09:20","date_gmt":"2015-09-21T08:09:20","guid":{"rendered":"http:\/\/www.lmpa.univ-littoral.fr\/SIC\/?page_id=724"},"modified":"2015-09-21T08:09:20","modified_gmt":"2015-09-21T08:09:20","slug":"seminaire-du-31-octobre-2015-a-louvain-la-neuve","status":"publish","type":"page","link":"https:\/\/www-lmpa.univ-littoral.fr\/~sic\/wordpress\/?page_id=724","title":{"rendered":"S\u00e9minaire du 31 octobre 2015 \u00e0 Louvain-la-Neuve"},"content":{"rendered":"<p>Lieu: salle CYCL02, b\u00e2timent Marc de Hemptinne (dit \u201cle cyclotron\u201d), Universit\u00e9 catholique de Louvain, Chemin du cyclotron 2, 1348, Louvain-la-Neuve, Belgique; <a href=\"https:\/\/www.google.be\/maps\/place\/50%C2%B039'57.2%22N+4%C2%B037'24.0%22E\/@50.666056,4.623495,17z\/data=!4m2!3m1!1s0x0:0x0\">voici un plan<\/a>.<\/p>\n<p>Organisation: Marino Gran (marino.gran [at] uclouvain.be), Tim Van der Linden (tim.vanderlinden [at] uclouvain.be) et Enrico Vitale (enrico.vitale [at] uclouvain.be)<\/p>\n<p>Inscription: par mail aux organisateurs (remplacer [at] par @)<\/p>\n<p>Site web local: <a href=\"http:\/\/sites.uclouvain.be\/bcts\/sic2015\/\">http:\/\/sites.uclouvain.be\/bcts\/sic2015\/<\/a><\/p>\n<p>Programme:<br \/>\n9h00 &#8211; Andrea Montoli<br \/>\n10h00 &#8211; <em>Pause caf\u00e9<\/em><br \/>\n10h30 &#8211; Beppe Metere<br \/>\n11h30 &#8211; Tim Van der Linden<br \/>\n12h30 &#8211; <em>D\u00e9jeuner<\/em><\/p>\n<p>Orateurs et titres:<br \/>\nBeppe Metere &#8211; Normal monomorphisms in Mal&#8217;tsev regular categories<br \/>\nAndrea Montoli &#8211; De quoi un id\u00e9al est-il la classe de z\u00e9ro ?<br \/>\nTim Van der Linden &#8211; Qu\u2019est-ce l\u2019admissibilit\u00e9 de Nelson Martins-Ferreira ?<\/p>\n<p>R\u00e9sum\u00e9s:<br \/>\n<a href=\"http:\/\/sites.uclouvain.be\/bcts\/sic2015\/sic_lln_octobre_2015.pdf\">Voici<\/a> le pdf.<\/p>\n<p>Participants inscrits:<br \/>\nMathieu Duckers-Antoine<br \/>\nAndr\u00e9e Ehresmann<br \/>\nTomas Everaert<br \/>\nMarino Gran<br \/>\nGabriel Kadjo<br \/>\nGuillermo Andr\u00e9s L\u00f3pez Cafaggi<br \/>\nGiuseppe Metere<br \/>\nAndrea Montoli<br \/>\nJohnny Robert<br \/>\nDiana Rodelo<br \/>\nJean-Roger Roisin<br \/>\nCyrille Sandry Simeu<br \/>\nMark Sioen<br \/>\nIsar Stubbe<br \/>\nIdriss Tchoffo Nguefeu<br \/>\nTim Van der Linden<br \/>\nEnrico Vitale<br \/>\nMichael Wright<\/p>\n<p>Logement:<br \/>\nSi vous souhaitez r\u00e9server une chambre \u00e0 l&#8217;H\u00f4tel Ibis Style (ex-Mercure, le seul h\u00f4tel \u00e0 Louvain-la-Neuve) n&#8217;h\u00e9sitez pas \u00e0 nous contacter, car nous pouvons faire la r\u00e9servation au tarif pr\u00e9f\u00e9rentiel de l&#8217;UCL (91\u20ac pour une chambre simple, avec petit d\u00e9jeuner). Dans ce cas, nous vous prions de nous contacter avant le 15 septembre.<\/p>\n<p>Voyage:<br \/>\nIl est facile de joindre Louvain-la-Neuve en voiture (via la E411; suivre &#8220;Parc Einstein&#8221; pour rejoindre le cyclotron) ou par train (via Bruxelles \/ Ottignies \/ Louvain-la-Neuve Universit\u00e9).<\/p>\n","protected":false},"excerpt":{"rendered":"<p>Lieu: salle CYCL02, b\u00e2timent Marc de Hemptinne (dit \u201cle cyclotron\u201d), Universit\u00e9 catholique de Louvain, Chemin du cyclotron 2, 1348, Louvain-la-Neuve, Belgique; voici un plan. Organisation: Marino Gran (marino.gran [at] uclouvain.be), Tim Van der Linden (tim.vanderlinden [at] uclouvain.be) et Enrico Vitale (enrico.vitale [at] uclouvain.be) Inscription: par mail aux organisateurs (remplacer [at] par @) Site web local: [&hellip;]<\/p>\n","protected":false},"author":1,"featured_media":0,"parent":96,"menu_order":0,"comment_status":"closed","ping_status":"closed","template":"","meta":[],"_links":{"self":[{"href":"https:\/\/www-lmpa.univ-littoral.fr\/~sic\/wordpress\/index.php?rest_route=\/wp\/v2\/pages\/724"}],"collection":[{"href":"https:\/\/www-lmpa.univ-littoral.fr\/~sic\/wordpress\/index.php?rest_route=\/wp\/v2\/pages"}],"about":[{"href":"https:\/\/www-lmpa.univ-littoral.fr\/~sic\/wordpress\/index.php?rest_route=\/wp\/v2\/types\/page"}],"author":[{"embeddable":true,"href":"https:\/\/www-lmpa.univ-littoral.fr\/~sic\/wordpress\/index.php?rest_route=\/wp\/v2\/users\/1"}],"replies":[{"embeddable":true,"href":"https:\/\/www-lmpa.univ-littoral.fr\/~sic\/wordpress\/index.php?rest_route=%2Fwp%2Fv2%2Fcomments&post=724"}],"version-history":[{"count":0,"href":"https:\/\/www-lmpa.univ-littoral.fr\/~sic\/wordpress\/index.php?rest_route=\/wp\/v2\/pages\/724\/revisions"}],"up":[{"embeddable":true,"href":"https:\/\/www-lmpa.univ-littoral.fr\/~sic\/wordpress\/index.php?rest_route=\/wp\/v2\/pages\/96"}],"wp:attachment":[{"href":"https:\/\/www-lmpa.univ-littoral.fr\/~sic\/wordpress\/index.php?rest_route=%2Fwp%2Fv2%2Fmedia&parent=724"}],"curies":[{"name":"wp","href":"https:\/\/api.w.org\/{rel}","templated":true}]}}