{"id":741,"date":"2015-12-17T08:47:02","date_gmt":"2015-12-17T08:47:02","guid":{"rendered":"http:\/\/www.lmpa.univ-littoral.fr\/SIC\/?page_id=741"},"modified":"2015-12-17T08:47:02","modified_gmt":"2015-12-17T08:47:02","slug":"seminaire-du-21-mars-a-lille","status":"publish","type":"page","link":"https:\/\/www-lmpa.univ-littoral.fr\/~sic\/wordpress\/?page_id=741","title":{"rendered":"S\u00e9minaire du 23 mars 2016 \u00e0 Lille"},"content":{"rendered":"<p><b>Lieu : <\/b>Universit\u00e9 Lille 1,\u00a0Laboratoire de Math\u00e9matiques (B\u00e2timent M2)<b><br \/>\n<\/b>L&#8217;acceuil et les pauses caf\u00e9 auront lieu dans la salle Kamp\u00e9 de F\u00e9riet (1er \u00e9tage du M2).<br \/>\nLes expos\u00e9s auront lieu dans la salle de r\u00e9union attenante (1er \u00e9tage du M2).<b><br \/>\n<\/b><b><\/b><\/p>\n<p><strong>Organisation :<\/strong><br \/>\nIvo Dell&#8217;Ambrogio &lt;ivo.dellambrogio@math.univ-lille1.fr&gt;<br \/>\nIsar Stubbe &lt;isar.stubbe@lmpa.univ-littoral.fr&gt;<br \/>\nAlexis Virelizier &lt;alexis.virelizier@math.univ-lille1.fr&gt;<\/p>\n<p>Ce SIC est soutenu financi\u00e8rement par la <a href=\"http:\/\/federation-math.univ-lille1.fr\/\">F\u00e9d\u00e9ration de Recherche Math\u00e9matique du Nord-Pas-de-Calais<\/a> et par le Labex <a href=\"http:\/\/math.univ-lille1.fr\/~cempi\/\">CEMPI<\/a>.<\/p>\n<p><strong>Participation :<\/strong><br \/>\nLa participation au SIC est gratuite. Pour des raisons pratiques, on demande aux participants de s&#8217;inscrire. Pour cela, un simple mail \u00e0 un des organisateurs suffit. Le repas de midi sera offert aux participants inscrits avant le 13 mars !<\/p>\n<p><strong>Programme :<\/strong><\/p>\n<p><em>10h15 : Accueil avec caf\u00e9<\/em><br \/>\n10h50 &#8211; 11h40 :\u00a0Serge Bouc (Amiens)<br \/>\n11h50 &#8211; 12h40 :\u00a0Alain Brugui\u00e8res (Montpellier)<br \/>\n<em>Repas\u00a0(\u00e0 l&#8217;Ascotel)<\/em><br \/>\n14h00 &#8211; 14h50 :\u00a0Antoine Touz\u00e9 (Lille)<br \/>\n15h00 &#8211; 15h50 :\u00a0Albert Burroni (Paris 7)<br \/>\n<em>Pause caf\u00e9<\/em><br \/>\n16h10 &#8211; 17h00 :\u00a0Alexandre Popoff (Paris), Moreno Andreatta (Paris)\u00a0et Andr\u00e9e Ehresmann (Amiens)<\/p>\n<p><a name=\"titres\"><\/a> <strong>Titres :<\/strong><\/p>\n<p>Bouc : Repr\u00e9sentations des ensembles finis et correspondances (<a href=\"#abstract-bouc\">r\u00e9sum\u00e9<\/a>).<br \/>\nBrugui\u00e8res : Hopf monads, Hopf polyads and applications (<a href=\"#abstract-bruguieres\">r\u00e9sum\u00e9<\/a>).<br \/>\nTouz\u00e9 : Cat\u00e9gories de foncteurs et cup produits en cohomologie des groupes (<a href=\"#abstract-touze\">r\u00e9sum\u00e9<\/a>).<br \/>\nBurroni : Sur un environnement naturel pour d\u00e9finir des structures telles que les &#8220;monoidal globular categories&#8221; de Batanin, et bien d&#8217;autres (<a href=\"#abstract-burroni\">r\u00e9sum\u00e9<\/a>).<br \/>\nPopoff, Andreatta et Ehresmann : Approche cat\u00e9gorielle en analyse musicale (<a href=\"#abstract-popoff\">r\u00e9sum\u00e9<\/a>).<\/p>\n<p><strong>Participants :<\/strong><br \/>\n(Par ordre d&#8217;inscription, la liste sera r\u00e9guli\u00e8rement mise \u00e0 jour.)<br \/>\nIvo Dell&#8217;Ambrogio<br \/>\nIsar Stubbe<br \/>\nAlexis Virelizier<br \/>\nAlain Brugui\u00e8res<br \/>\nAntoine Touz\u00e9<br \/>\nAndr\u00e9e Ehresmann<br \/>\nElisabeth Burroni<br \/>\nAlbert Burroni<br \/>\nJacques Penon<br \/>\nSerge Bouc<br \/>\nAndrea Cesaro<br \/>\nJames Huglo<br \/>\nGiulio Calimici<br \/>\nAlexandre Popoff<br \/>\nMoreno Andreatta<br \/>\nBenoit Fresse<br \/>\nNajib Idrissi<br \/>\nDaniel Tanr\u00e9<br \/>\nMathieu Klimczak<br \/>\nElisabeth Vaugelade<br \/>\nThibault Defourneau<br \/>\nJoost Vercruysse<br \/>\nRoland Cazalis<br \/>\nJacques Darne<br \/>\nJean-Pierre Laffineur<br \/>\nMitchell Buckley<br \/>\nRadu Stancu<br \/>\nJohn F. Robert<\/p>\n<p><strong>Informations utiles<\/strong><b> :<br \/>\n<\/b>Pour venir \u00e0 Lille :<br \/>\n<a href=\"http:\/\/mathematiques.univ-lille1.fr\/Plan-acces\/\">Plan d&#8217;acc\u00e8s<\/a><br \/>\n<a href=\"https:\/\/math.univ-lille1.fr\/d7\/node\/91\">Google maps<\/a><\/p>\n<p>Pour dormir \u00e0 Lille :<br \/>\n<a href=\"http:\/\/www.lilletourism.com\/dormir-a-lille.html\">Office de Tourisme de Lille<\/a><\/p>\n<p><strong>R\u00e9sum\u00e9s :<\/strong><br \/>\n<a name=\"abstracts\"><\/a><\/p>\n<p><a name=\"abstract-bouc\"><\/a> <strong>Serge Bouc :<\/strong> <i>Repr\u00e9sentations des ensembles finis et correspondances<\/i><\/p>\n<p>[travail en commun avec Jacques Th\u00e9venaz &#8211; E.P.F.L.]<\/p>\n<p>\u00c9tant donn\u00e9 un anneau commutatif k, soit $kC$ la cat\u00e9gorie dont les objets sont les ensembles finis, et les morphismes les combinaisons $k$-lin\u00e9aires de correspondances. Soit $CF_k$ la cat\u00e9gorie des foncteurs de correspondances (sur $k$), i.e. la cat\u00e9gorie ab\u00e9lienne des foncteurs $k$-lin\u00e9aires de $kC$ vers la cat\u00e9gorie des $k$-modules.<\/p>\n<p>La cat\u00e9gorie $CF_k$ a des propri\u00e9t\u00e9s remarquables : lorsque $k$ est noeth\u00e9rien, un sous-foncteur d&#8217;un foncteur de type fini est lui-m\u00eame de type fini. Lorsque $k$ est un corps, les foncteurs de type fini sont caract\u00e9ris\u00e9s par le comportement exponentiel de leur dimension, et ce sont exactement les foncteurs de longueur finie. De m\u00eame, lorsque $k$ est un corps, un foncteur de type fini est projectif si et seulement si il est injectif.<\/p>\n<p>Nous associons un foncteur de correspondances $F_T$ \u00e0 un treillis fini $T$ quelconque, et cette construction s&#8217;\u00e9tend en un foncteur pleinement fid\u00e8le d&#8217;une cat\u00e9gorie convenable $kL$ de treillis finis vers la cat\u00e9gorie $CF_k$, qui est compatible \u00e0 la dualit\u00e9. Nous montrons aussi que $F_T$ est projectif si et seulement si $T$ est distributif.<\/p>\n<p>Nous associons \u00e9galement un foncteur fondamental $S_E$ \u00e0 tout ensemble ordonn\u00e9 fini $E$. Cela nous permet de d\u00e9crire compl\u00e8tement les objets simples de $CF_k$, lorsque $k$ est un corps, et en particulier, de d\u00e9terminer les dimensions de leurs \u00e9valuations. Un sous-produit de cette description est celle de tous les modules simples pour l&#8217;alg\u00e8bre du mono\u00efde des relations sur un ensemble fini. (<a href=\"#titres\">Retour \u21a9<\/a>)<\/p>\n<p><a name=\"abstract-bruguieres\"><\/a> <strong>Alain Brugui\u00e8res :<\/strong> <em>Hopf monads, Hopf polyads and applications<\/em><\/p>\n<p>The notion of a Hopf algebra has been generalized to the context of braided monoidal categories in a relatively straightforward way, which leads to the now well-known notion of braided Hopf algebra. In particular, the center of a braided category $B$ can be viewed as the category of modules over a certain braided Hopf algebra in $B$, namely the coend of $B$. In order to make such a description work for a monoidal, non braided category, one must replace braided Hopf algebras with Hopf monads.<\/p>\n<p>Hopf monads appear wherever there is a comonoidal adjunction &#8211; in other words, a strong (co) monoidal functor having a left adjoint. In particular, under certain &#8216;smallness&#8217; conditions one can describe the action of a group $G$ on a monoidal category $C$ in terms of a Hopf monad on $C$; in that case, the category of modules of this Hopf monad is the equivariantization (this was done in a joint paper with S. Natale).<\/p>\n<p>However, in general (without the appropriate smallness conditions) such a monadic description of the equivariantization is not available. Hopf polyads are a generalization of Hopf monads which encompasses also (general) group actions. In a sense, Hopf polyads are &#8220;Hopf monads parametrized by a category&#8221;.<\/p>\n<p>We will introduce this notion, and explore its relation to group actions, and more generally &#8220;category actions&#8221;, on monoidal categories: the &#8220;fundamental theorem of Hopf polyads&#8221; asserts that a faithful right exact Hopf polyad lifts canonically to a category action.<\/p>\n<p>We will give several examples and special cases. For instance, a Hopf category with set of objects $X$ as introduced by Batista, Caenepeel and Vercruysse is a special case of a Hopf polyad, in exactly the same sense as braided Hopf algebras are special cases of Hopf monads &#8211; in that case the parameter category of the Hopf polyad has $X$ as set of objects and exactly one morphism between any two objects.<\/p>\n<p>On the other hand, in the non-braided setting, the fundamental theorem of Hopf polyads, applied to the so-called &#8216;center&#8217; Hopf polyad, asserts that the center of a $G$-graded fusion category is the equivariantization of the center of the degree 1 part under a certain action of G, a result due to Virelizier. Here the &#8216;fusion category&#8217; is required to have finitely many classes of simples in each degree (and may therefore have infinitely many simples, if $G$ is infinite). (<a href=\"#titres\">Retour \u21a9<\/a>)<\/p>\n<p><a name=\"abstract-touze\"><\/a> <strong>Antoine Touz\u00e9 :<\/strong> <em>Cat\u00e9gories de foncteurs et cup produits en cohomologie des groupes<\/em><\/p>\n<p>La cohomologie des groupes classiques de matrices est accessible au calcul \u00e0 l&#8217;aide de cat\u00e9gories de foncteurs. Dans cet expos\u00e9, nous expliquerons une nouvelle propri\u00e9t\u00e9 des cup produits, contre-intuitive si l&#8217;on raisonne en termes de repr\u00e9sentations de groupes, que l&#8217;on peut d\u00e9montrer \u00e0 l&#8217;aide de l&#8217;approche fonctorielle. Cette propri\u00e9t\u00e9 permet par exemple d&#8217;obtenir une nouvelle d\u00e9monstration du th\u00e9or\u00e8me des produits tensoriels de Steinberg, et des nouvelles g\u00e9n\u00e9ralisations de ce th\u00e9or\u00e8me cl\u00e9 en th\u00e9orie des repr\u00e9sentations.<\/p>\n<p><a name=\"abstract-burroni\"><\/a> <strong>Albert Burroni :<\/strong> <em>Sur un environnement naturel pour d\u00e9finir des structures telles que les &#8220;monoidal globular categories&#8221; de Batanin, et bien d&#8217;autres<\/em><\/p>\n<p>Dans son article &#8220;monoidal globular categories as a natural environment for the theory of the weak n-categories&#8221;, Batanin donne une d\u00e9finition correcte de la structure annonc\u00e9e par son titre. Toutefois, il nous semble qu&#8217;il ait h\u00e9sit\u00e9 \u00e0 utiliser pleinement le mat\u00e9riel qu&#8217;il introduit \u00e0 cette fin. En analysant les raisons de ce manque apparent, nous avons \u00e9t\u00e9 amen\u00e9 \u00e0 \u00e9tendre le concept de th\u00e9orie alg\u00e9brique de Lawvere pour y int\u00e9grer de fa\u00e7on naturelle des structures comme celle de Batanin, et bien d&#8217;autres. (<a href=\"#titres\">Retour \u21a9<\/a>)<\/p>\n<p><a name=\"abstract-popoff\"><\/a> <strong>Alexandre Popoff, Moreno Andreatta et Andr\u00e9e Ehresmann :<\/strong> <em>Approche cat\u00e9gorielle en analyse musicale<\/em><\/p>\n<p>L&#8217;analyse musicale a d\u00e9velopp\u00e9 des outils th\u00e9oriques qui touchent \u00e0 plusieurs domaines des math\u00e9matiques. En particulier, la th\u00e9orie transformationnelle de la musique propos\u00e9e par David Lewin dans les ann\u00e9es 1980 est bas\u00e9e sur la th\u00e9orie des actions de groupes sur des ensembles d\u2019objets musicaux. Les relations entre \u00e9l\u00e9ments musicaux sont d\u00e9crites par les \u00e9l\u00e9ments de groupe qui les transforment. En y ajoutant des \u00e9l\u00e9ments de th\u00e9orie des graphes, Klumpenhouwer a introduit une notion de r\u00e9seau transformationnel (ou K-net), et mis en lumi\u00e8re des relations particuli\u00e8res entre ces r\u00e9seaux, appel\u00e9es \u00ab\u00a0isographies de K-nets\u00a0\u00bb. Le but de l&#8217;expos\u00e9 (d\u00e9velopp\u00e9 dans [1]) est de montrer comment la th\u00e9orie des cat\u00e9gories\u00a0\u00a0permet de poser les bases formelles de ces r\u00e9seaux et de les enrichir en \u00e9tendant la notion de K-net en celle de poly-K-net (ou PK-net) et celle d&#8217;isographie en celle d&#8217;homographie.<\/p>\n<p>Formellement un PK-net \u00e0 valeurs dans une cat\u00e9gorie H (e.g. Sets) consiste en un foncteur R: D -&gt; H (sa forme &#8216;abstraite&#8217;), un foncteur S: C -&gt; H (mod\u00e9lisant son support musical), et un morphisme (F, phi): R -&gt; S de la cat\u00e9gorie Diag(H) des diagrammes de H. Ayant d\u00e9fini la notion d&#8217;homographie entre PK-nets de forme R, nous \u00e9tudierons la cat\u00e9gorie de ces homographies, et caract\u00e9riserons certaines de ses sous-cat\u00e9gories. Des PK-nets et homographies d&#8217;ordre sup\u00e9rieur sont construits par r\u00e9currence (en it\u00e9rant le foncteur Diag).<\/p>\n<p>Parmi les applications concr\u00e8tes en musique, nous ferons une \u00e9tude pouss\u00e9e de la structure du groupe des automorphismes de certains foncteurs S vers Sets intervenant comme supports musicaux de PK-nets. Et diff\u00e9rentes \u0153uvres (par exemple de Gesualdo, Webern et Schoenberg) seront analys\u00e9es en y mettant en \u00e9vidence l&#8217;existence de PK-nets homographes ou isographes.<\/p>\n<p>[1] A. Popoff, C. Agon, M. Andreatta &amp; A. Ehresmann, From K-nets to PK-nets: a categorical approach (soumis \u00e0 &#8220;Perspectives in New Music&#8221;, 2016).<\/p>\n<p>(<a href=\"#titres\">Retour \u21a9<\/a>)<\/p>\n","protected":false},"excerpt":{"rendered":"<p>Lieu : Universit\u00e9 Lille 1,\u00a0Laboratoire de Math\u00e9matiques (B\u00e2timent M2) L&#8217;acceuil et les pauses caf\u00e9 auront lieu dans la salle Kamp\u00e9 de F\u00e9riet (1er \u00e9tage du M2). Les expos\u00e9s auront lieu dans la salle de r\u00e9union attenante (1er \u00e9tage du M2). Organisation : Ivo Dell&#8217;Ambrogio &lt;ivo.dellambrogio@math.univ-lille1.fr&gt; Isar Stubbe &lt;isar.stubbe@lmpa.univ-littoral.fr&gt; Alexis Virelizier &lt;alexis.virelizier@math.univ-lille1.fr&gt; Ce SIC est soutenu [&hellip;]<\/p>\n","protected":false},"author":1,"featured_media":0,"parent":96,"menu_order":0,"comment_status":"closed","ping_status":"closed","template":"","meta":[],"_links":{"self":[{"href":"https:\/\/www-lmpa.univ-littoral.fr\/~sic\/wordpress\/index.php?rest_route=\/wp\/v2\/pages\/741"}],"collection":[{"href":"https:\/\/www-lmpa.univ-littoral.fr\/~sic\/wordpress\/index.php?rest_route=\/wp\/v2\/pages"}],"about":[{"href":"https:\/\/www-lmpa.univ-littoral.fr\/~sic\/wordpress\/index.php?rest_route=\/wp\/v2\/types\/page"}],"author":[{"embeddable":true,"href":"https:\/\/www-lmpa.univ-littoral.fr\/~sic\/wordpress\/index.php?rest_route=\/wp\/v2\/users\/1"}],"replies":[{"embeddable":true,"href":"https:\/\/www-lmpa.univ-littoral.fr\/~sic\/wordpress\/index.php?rest_route=%2Fwp%2Fv2%2Fcomments&post=741"}],"version-history":[{"count":0,"href":"https:\/\/www-lmpa.univ-littoral.fr\/~sic\/wordpress\/index.php?rest_route=\/wp\/v2\/pages\/741\/revisions"}],"up":[{"embeddable":true,"href":"https:\/\/www-lmpa.univ-littoral.fr\/~sic\/wordpress\/index.php?rest_route=\/wp\/v2\/pages\/96"}],"wp:attachment":[{"href":"https:\/\/www-lmpa.univ-littoral.fr\/~sic\/wordpress\/index.php?rest_route=%2Fwp%2Fv2%2Fmedia&parent=741"}],"curies":[{"name":"wp","href":"https:\/\/api.w.org\/{rel}","templated":true}]}}