{"id":844,"date":"2016-11-03T13:36:14","date_gmt":"2016-11-03T13:36:14","guid":{"rendered":"http:\/\/www.lmpa.univ-littoral.fr\/SIC\/?page_id=844"},"modified":"2016-11-03T13:36:14","modified_gmt":"2016-11-03T13:36:14","slug":"seminaire-du-27-janvier-2016-a-bruxelles","status":"publish","type":"page","link":"https:\/\/www-lmpa.univ-littoral.fr\/~sic\/wordpress\/?page_id=844","title":{"rendered":"S\u00e9minaire du 27 janvier 2017 \u00e0 Bruxelles"},"content":{"rendered":"<p>Lieu: Salle Solvay, batiment NO, 5i\u00e8me \u00e9tage, campus de la plaine de l\u2019Universit\u00e9 Libre de Bruxelles (<a href=\"http:\/\/www.ulb.ac.be\/campus\/plaine\/plan.html\">plan<\/a>).<\/p>\n<p>Organisation: Marino Gran, Tim Van der Linden, Joost Vercruysse<\/p>\n<p>Site web local: <a href=\"http:\/\/sites.uclouvain.be\/bcts\/sic2017\">http:\/\/sites.uclouvain.be\/bcts\/sic2017<\/a><\/p>\n<p>Inscription: Si vous avez l&#8217;intention de participer \u00e0 ce SIC, inscrivez-vous le plus t\u00f4t possible par simple mail aux organisateurs (jvercruy[at]ulb.ac.be). Le d\u00e9jeuner sera offert \u00e0 toutes les personnes inscrites <strong>avant le 23 d\u00e9cembre 2016<\/strong>. Si vous souhaitez faire un expos\u00e9 au SIC vous \u00eates invit\u00e9s \u00e0 envoyer un titre et un bref r\u00e9sum\u00e9 \u00e0 jvercruy@ulb.ac.be avant le 23 d\u00e9cembre 2016. <\/p>\n<p>Programme:<br \/>\n09h30 : accueil avec caf\u00e9<br \/>\n10h00-10h45 : Dugowson<br \/>\n10h50-11h35 : Duckerts-Antoine<br \/>\nPause<br \/>\n12h00-12h45 : Abbad<br \/>\nRepas<br \/>\n14h30-15h15 : Kachour<br \/>\nPause<br \/>\n15h30-16h15 : Montoli<\/p>\n<p>Expos\u00e9s:<br \/>\nOmar Abbad \u2014 Equivalences in bicategories<br \/>\nMathieu Duckerts-Antoine \u2014 Comment centraliser des extensions de quandles<br \/>\nSt\u00e9phane Dugowson \u2014 Les topos des espaces connectifs : quelques exemples (et plein de questions)<br \/>\nCamell Kachour \u2014 Mod\u00e8les alg\u00e9briques d&#8217;$(\\infty,n)$-cat\u00e9gories faibles cubiques<br \/>\nAndrea Montoli \u2014 Sur quelques conditions d&#8217;alg\u00e8bre cat\u00e9gorique pour les cat\u00e9gories S-protomodulaires<\/p>\n<p>Participants inscrits:<br \/>\nOmar Abbad &#8212; Universit\u00e9 Chouaib Doukkali, El Jadida<br \/>\nAna Agore &#8212; Vrije Universiteit Brussel<br \/>\nMitchell Buckley &#8212; Universit\u00e9 libre de Bruxelles<br \/>\nAlan Cigoli &#8212; Universit\u00e9 catholique de Louvain<br \/>\nGianpietro Colato &#8212; Universit\u00e9 catholique de Louvain<br \/>\nJonas Der\u00e9 &#8212; Katholieke Universiteit Leuven \u2013 kulak<br \/>\nMathieu Duckerts-Antoine &#8212; Universidade de Coimbra<br \/>\nSt\u00e9phane Dugowson &#8212; Institut Polytechnique Grand Paris &#8211; Supm\u00e9ca<br \/>\nArnaud Duvieusart &#8212; Universit\u00e9 catholique de Louvain<br \/>\nAndr\u00e9e Charles Ehresmann &#8212; Universit\u00e9 de Picardie, Amiens<br \/>\nTimmy Fieremans &#8212; Vrije Universiteit Brussel<br \/>\nAlexey Gordienko &#8212; Vrije Universiteit Brussel<br \/>\nMarino Gran &#8212; Universit\u00e9 catholique de Louvain<br \/>\nPierre-Alain Jacqmin &#8212; Universit\u00e9 catholique de Louvain<br \/>\nCamell Kachour &#8212; CNRS, Paris<br \/>\nLeonardo Larizza &#8212; Universit\u00e0 degli Studi di Torino<br \/>\nGuillermo Andr\u00e9s L\u00f3pez Cafaggi &#8212; Universit\u00e9 catholique de Louvain<br \/>\nMaxime Lucas &#8212; Institut de Recherche en Informatique Fondamentale, Paris<br \/>\nAndrea Montoli &#8212; Universit\u00e0 degli Studi di Milano<br \/>\nJohn Robert &#8212; naturalDigit<br \/>\nCyrille Sandry Simeu &#8212; Universit\u00e9 catholique de Louvain<br \/>\nFlorence Sterck &#8212; Universit\u00e9 catholique de Louvain<br \/>\nIsar Stubbe &#8212; Universit\u00e9 du Littoral-C\u00f4te d&#8217;Opale<br \/>\nIdriss Tchoffo Nguefeu &#8212; Universit\u00e9 catholique de Louvain<br \/>\nTim Van der Linden &#8212; Universit\u00e9 catholique de Louvain<br \/>\nChristina Vasilakopoulou &#8212; Universit\u00e9 libre de Bruxelles<br \/>\nJoost Vercruysse &#8212; Universit\u00e9 libre de Bruxelles<br \/>\nAlexis Virelizier &#8212; Universit\u00e9 Lille 1<br \/>\nEnrico Vitale &#8212; Universit\u00e9 catholique de Louvain<\/p>\n","protected":false},"excerpt":{"rendered":"<p>Lieu: Salle Solvay, batiment NO, 5i\u00e8me \u00e9tage, campus de la plaine de l\u2019Universit\u00e9 Libre de Bruxelles (plan). Organisation: Marino Gran, Tim Van der Linden, Joost Vercruysse Site web local: http:\/\/sites.uclouvain.be\/bcts\/sic2017 Inscription: Si vous avez l&#8217;intention de participer \u00e0 ce SIC, inscrivez-vous le plus t\u00f4t possible par simple mail aux organisateurs (jvercruy[at]ulb.ac.be). Le d\u00e9jeuner sera offert [&hellip;]<\/p>\n","protected":false},"author":1,"featured_media":0,"parent":96,"menu_order":0,"comment_status":"closed","ping_status":"closed","template":"","meta":[],"_links":{"self":[{"href":"https:\/\/www-lmpa.univ-littoral.fr\/~sic\/wordpress\/index.php?rest_route=\/wp\/v2\/pages\/844"}],"collection":[{"href":"https:\/\/www-lmpa.univ-littoral.fr\/~sic\/wordpress\/index.php?rest_route=\/wp\/v2\/pages"}],"about":[{"href":"https:\/\/www-lmpa.univ-littoral.fr\/~sic\/wordpress\/index.php?rest_route=\/wp\/v2\/types\/page"}],"author":[{"embeddable":true,"href":"https:\/\/www-lmpa.univ-littoral.fr\/~sic\/wordpress\/index.php?rest_route=\/wp\/v2\/users\/1"}],"replies":[{"embeddable":true,"href":"https:\/\/www-lmpa.univ-littoral.fr\/~sic\/wordpress\/index.php?rest_route=%2Fwp%2Fv2%2Fcomments&post=844"}],"version-history":[{"count":0,"href":"https:\/\/www-lmpa.univ-littoral.fr\/~sic\/wordpress\/index.php?rest_route=\/wp\/v2\/pages\/844\/revisions"}],"up":[{"embeddable":true,"href":"https:\/\/www-lmpa.univ-littoral.fr\/~sic\/wordpress\/index.php?rest_route=\/wp\/v2\/pages\/96"}],"wp:attachment":[{"href":"https:\/\/www-lmpa.univ-littoral.fr\/~sic\/wordpress\/index.php?rest_route=%2Fwp%2Fv2%2Fmedia&parent=844"}],"curies":[{"name":"wp","href":"https:\/\/api.w.org\/{rel}","templated":true}]}}