{"id":858,"date":"2017-06-23T09:26:35","date_gmt":"2017-06-23T09:26:35","guid":{"rendered":"http:\/\/www.lmpa.univ-littoral.fr\/SIC\/?page_id=858"},"modified":"2024-02-09T13:01:06","modified_gmt":"2024-02-09T13:01:06","slug":"seminaire-du-13-octobre-2017-a-calais","status":"publish","type":"page","link":"https:\/\/www-lmpa.univ-littoral.fr\/~sic\/wordpress\/?page_id=858","title":{"rendered":"S\u00e9minaire du 13 octobre 2017 \u00e0 Calais"},"content":{"rendered":"<p>Lieu: Labo de math de l\u2019Universit\u00e9 du Littoral \u00e0 Calais (<a href=\"http:\/\/www.lmpa.univ-littoral.fr\/fr\/identite.php#acces\">plan d\u2019acces<\/a>), salle B.014<\/p>\n<p>Organisation: Isar Stubbe (avec l\u2019aide indispensable de Isabelle Buchard et Ga\u00eblle Compi\u00e8gne, et le soutien financier du LMPA et de la F\u00e9d\u00e9ration de Recherche Math\u00e9matique du Nord\/Pas-de-Calais)<\/p>\n<p>Inscription: La participation au s\u00e9minaire est gratuite, le repas de midi et les pauses caf\u00e9 seront offerts aux participants inscrits. L&#8217;inscription se fait par simple e-mail \u00e0 Isar Stubbe (isar.stubbe[at]univ-littoral.fr, remplacer [at] par @).<\/p>\n<p>Programme:<br \/>\n10h30 \u2013 accueil avec caf\u00e9<br \/>\n11h00 \u2013 Bourn<br \/>\n11h50 \u2013 Vercruysse<br \/>\n12h40 \u2013 repas et caf\u00e9<br \/>\n14h00 \u2013 Penon<br \/>\n14h50 \u2013 Idrissi<br \/>\n15h40 \u2013 caf\u00e9<br \/>\n15h50 \u2013 Cigoli<br \/>\n16h40 &#8211; Ehresmann<br \/>\n17h00 \u2013 fin<\/p>\n<p>Orateurs et titres\/r\u00e9sum\u00e9s (liste sera mise \u00e0 jour au fur et \u00e0 mesure):<br \/>\n<strong>Dominique Bourn<\/strong> &#8211; R\u00e9cents r\u00e9sultats sur la fibration des points<br \/>\nLa fibration des points a \u00e9t\u00e9 introduite pour d\u00e9finir les cat\u00e9gories protomodulaires,<br \/>\nelle a plus tard servi \u00e0 caract\u00e9riser les cat\u00e9gories de Mal&#8217;cev. Dans l&#8217;expos\u00e9 nous introduirons:<br \/>\n1) deux nouvelles r\u00e9centes propri\u00e9t\u00e9s caract\u00e9ristiques,<br \/>\n2) deux param\u00e8tres de localisations donnant lieu \u00e0 l&#8217;\u00e9tude de nouvelles situations, par exemples les mono\u00efdes, les quandles, les m\u00e9tagroupes.<br \/>\n<strong>Alan Cigoli<\/strong> &#8211; Un syst\u00e8me de factorisation monotone-light relatif pour les groupo\u00efdes internes<br \/>\n<strong>Andr\u00e9e Ehresmann<\/strong> &#8211; Petit historique des &#8216;Cahiers&#8217; pour leur 60e anniversaire<br \/>\n<strong>Najib Idrissi<\/strong> &#8211; L&#8217;op\u00e9rade Swiss-Cheese et le centre de Drinfeld<br \/>\n<strong>Jacques Penon<\/strong> &#8211; Compatibilit\u00e9 entre deux conceptions d&#8217;alg\u00e8bre sur une op\u00e9rade<br \/>\nP. May, en m\u00eame temps qu&#8217;il d\u00e9finit les op\u00e9rades, nous enseigne aussi ce qu&#8217;est une alg\u00e8bre sur une op\u00e9rade. Celle-ci provient du lien possible entre cette op\u00e9rade et l&#8217;op\u00e9rade des endomorphismes. D&#8217;un autre c\u00f4t\u00e9, lorsqu&#8217;on aborde les op\u00e9rades comme des $T$-cat\u00e9gories particuli\u00e8res (\u00e0 la A. Burroni), on peut voir les alg\u00e8bres sur une op\u00e9rade comme \u00e9tant des alg\u00e8bres sur la monade associ\u00e9e \u00e0 l&#8217;op\u00e9rade. Or ces deux conceptions co\u00efncident en fait dans un contexte tr\u00e8s g\u00e9n\u00e9ral, m\u00eame pour une monade $T$ quelconque.<br \/>\n<strong>Joost Vercruysse<\/strong> &#8211; Geometric partial actions<br \/>\nWe will present a categorical interpretation of partial group actions, that allows us to extend this notion to the setting of partial (co)actions of algebras and Hopf algebras, in a way that it subsumes an earlier definition by Caenepeel and Janssen but it also incorporates some examples motivated by algebraic geometry which did not fit into this earlier definition. We will show that the category of &#8220;geometric partial modules&#8221; is complete and cocomplete (but not abelian) and has a monoidal structure if one consideres partial modules over a bialgebra.<\/p>\n<p>Participants (ordre d&#8217;inscription):<br \/>\nIsar Stubbe (Calais)<br \/>\nAndr\u00e9e Ehresmann (Amiens)<br \/>\nJoost Vercruysse (Bruxelles)<br \/>\nJacques Penon (Paris)<br \/>\nDominique Bourn (Calais)<br \/>\nJacques Darn\u00e9 (Lille)<br \/>\nNajib Idrissi (Lille)<br \/>\nMarino Gran (Louvain-la-Neuve)<br \/>\nElisabeth Vaugelade (Amiens)<br \/>\nTim Van der Linden (Louvain-la-Neuve)<br \/>\nJean Fromentin (Calais)<br \/>\nChristian Miebach (Calais)<br \/>\nLo\u00efc Foissy (Calais)<br \/>\nIdriss Tchoffo Nguefeu (Louvain-la-Neuve)<br \/>\nArnaud Duvieusart (Louvain-la-Neuve)<br \/>\nAlan Cigoli (Louvain-la-Neuve)<br \/>\nCyrille Simeu (Louvain-la-Neuve)<br \/>\nGianpietro Colato (Louvain-la-Neuve)<br \/>\nJean-Pierre Laffineur (Paris)<br \/>\nYann Palu (Amiens)<br \/>\nMike Wright (Foug\u00e8res)<br \/>\nJames Huglo (Lille)<\/p>\n<p>Quelques informations pratiques:<br \/>\n<em>Venir en voiture:<\/em> Nous ne sommes pas loin de la E40\/A16. Voir <a href=\"http:\/\/lmpa.univ-littoral.fr\/spip.php?page=article&#038;id_article=3\">ici pour un plan d&#8217;acc\u00e8s<\/a>.<br \/>\n<em>Venir en train:<\/em> Le TER du Nord-Pas-de-Calais relie la gare de Calais-Ville avec la gare de Lille-Flandres et la gare d&#8217;Amiens (ligne 11\/12) mais aussi avec Lens et Arras (ligne 7). Voir <a href=\"http:\/\/www.ter-sncf.com\/Regions\/nord_pas_de_calais\/Fr\/Se_deplacer_en_TER\/Avant_mon_voyage\/Recherche_d_itineraires\/Default.aspx\">ici pour calculer un itin\u00e9raire<\/a>. De Calais-Ville on peut prendre <a href=\"http:\/\/www.sitac-calais-opale-bus.fr\/index.php\/votre-voyage\/horaires\">le bus (ligne 4)<\/a> \u00e0 la fac.<br \/>\n<em>Venir en TGV\/Eurostar:<\/em> La gare de Calais-Fr\u00e9thun se trouve sur les ligne Paris-Lille-Londres et Bruxelles-Lille-Londres. Consultez <a href=\"http:\/\/www.voyages-sncf.com\/\">le site de la SNCF pour les horaires<\/a>. Il y a des navettes entre la gare de Calais-Fr\u00e9thun et celle de Calais-Ville; et \u00e0 Calais-Ville on peut prendre <a href=\"http:\/\/www.sitac-calais-opale-bus.fr\/index.php\/votre-voyage\/horaires\">le bus (ligne 4)<\/a> \u00e0 la fac. Il est aussi possible de prendre un taxi \u00e0 Calais-Fr\u00e9thun (il est conseill\u00e9 de r\u00e9server un taxi, par exemple: \u201cTaxi Radio Calais\u201d, t\u00e9l. 03 21 97 13 14).<br \/>\n<em>Venir du Royaume Uni:<\/em> Bien s\u00fbr il y a l&#8217;<a href=\"http:\/\/www.eurostar.com\/\">Eurostar<\/a>, qui s&#8217;arr\u00eate (parfois) \u00e0 Calais-Fr\u00e9thun, et le <a href=\"http:\/\/www.eurotunnel.com\/uk\/home\/\">Shuttle\/Eurotunnel<\/a> si vous venez en voiture. Mais il est aussi int\u00e9ressant de consulter les horaires des <a href=\"http:\/\/www.aferry.co.uk\/calais-dover-ferry.htm\">Ferries<\/a> (pour pi\u00e9tons et voitures), car plus fr\u00e9quent et souvent moins cher. Entre le port de Calais et la gare de Calais-Ville, il y a une navette gratuite; et de Calais-Ville on peut prendre <a href=\"http:\/\/www.sitac-calais-opale-bus.fr\/index.php\/votre-voyage\/horaires\">le bus (ligne 4)<\/a> \u00e0 la fac.<br \/>\n<em>Passer la nuit \u00e0 Calais:<\/em> Il y a bien s\u00fbr plusieurs h\u00f4tels \u00e0 Calais. Dans le centre historique de Calais (\u201cCalais Nord\u201d) il y a l\u2019<a href=\"http:\/\/www.hotel-meurice.fr\">H\u00f4tel Meurice<\/a>, l&#8217;<a href=\"http:\/\/hotel-richelieu-calais.com\/index.php\/fr\/\">H\u00f4tel Richelieu<\/a>, et bien d\u2019autres.<\/p>\n","protected":false},"excerpt":{"rendered":"<p>Lieu: Labo de math de l\u2019Universit\u00e9 du Littoral \u00e0 Calais (plan d\u2019acces), salle B.014 Organisation: Isar Stubbe (avec l\u2019aide indispensable de Isabelle Buchard et Ga\u00eblle Compi\u00e8gne, et le soutien financier du LMPA et de la F\u00e9d\u00e9ration de Recherche Math\u00e9matique du Nord\/Pas-de-Calais) Inscription: La participation au s\u00e9minaire est gratuite, le repas de midi et les pauses [&hellip;]<\/p>\n","protected":false},"author":1,"featured_media":0,"parent":96,"menu_order":0,"comment_status":"closed","ping_status":"closed","template":"","meta":[],"_links":{"self":[{"href":"https:\/\/www-lmpa.univ-littoral.fr\/~sic\/wordpress\/index.php?rest_route=\/wp\/v2\/pages\/858"}],"collection":[{"href":"https:\/\/www-lmpa.univ-littoral.fr\/~sic\/wordpress\/index.php?rest_route=\/wp\/v2\/pages"}],"about":[{"href":"https:\/\/www-lmpa.univ-littoral.fr\/~sic\/wordpress\/index.php?rest_route=\/wp\/v2\/types\/page"}],"author":[{"embeddable":true,"href":"https:\/\/www-lmpa.univ-littoral.fr\/~sic\/wordpress\/index.php?rest_route=\/wp\/v2\/users\/1"}],"replies":[{"embeddable":true,"href":"https:\/\/www-lmpa.univ-littoral.fr\/~sic\/wordpress\/index.php?rest_route=%2Fwp%2Fv2%2Fcomments&post=858"}],"version-history":[{"count":2,"href":"https:\/\/www-lmpa.univ-littoral.fr\/~sic\/wordpress\/index.php?rest_route=\/wp\/v2\/pages\/858\/revisions"}],"predecessor-version":[{"id":1349,"href":"https:\/\/www-lmpa.univ-littoral.fr\/~sic\/wordpress\/index.php?rest_route=\/wp\/v2\/pages\/858\/revisions\/1349"}],"up":[{"embeddable":true,"href":"https:\/\/www-lmpa.univ-littoral.fr\/~sic\/wordpress\/index.php?rest_route=\/wp\/v2\/pages\/96"}],"wp:attachment":[{"href":"https:\/\/www-lmpa.univ-littoral.fr\/~sic\/wordpress\/index.php?rest_route=%2Fwp%2Fv2%2Fmedia&parent=858"}],"curies":[{"name":"wp","href":"https:\/\/api.w.org\/{rel}","templated":true}]}}