{"id":90,"date":"2010-02-16T10:01:58","date_gmt":"2010-02-16T09:01:58","guid":{"rendered":"http:\/\/localhost\/~isarstubbe\/wordpress\/?page_id=90"},"modified":"2024-11-01T09:41:02","modified_gmt":"2024-11-01T09:41:02","slug":"liens-utiles","status":"publish","type":"page","link":"https:\/\/www-lmpa.univ-littoral.fr\/~sic\/wordpress\/?page_id=90","title":{"rendered":"Liens"},"content":{"rendered":"<p><strong>S\u00e9minaires:<\/strong><\/p>\n<p>Le s\u00e9minaire <a href=\"https:\/\/sites.google.com\/site\/logiquecategorique\/\">Cat\u00e9gories, Logiques, Etc&#8230;<\/a> (CLE) \u00e0 Paris 7, dirig\u00e9 par Anatole Khelif (\u00e9quipe de logique math\u00e9matique, Paris Diderot), &#8220;est consacr\u00e9 \u00e0 la th\u00e9orie des cat\u00e9gories, \u00e0 la logique, etc&#8230;&#8221; Les pages web associ\u00e9es au s\u00e9minaire (sous responsabilit\u00e9 de St\u00e9phane Dugowson) contiennent non-seulement le programme du s\u00e9minaire, mais aussi diverses vid\u00e9os d&#8217;expos\u00e9s et interviews.<\/p>\n<p><strong>Revues:<\/strong><\/p>\n<p><a href=\"http:\/\/www.numdam.org\/\">Numdam<\/a> (= Num\u00e9risation de documents anciens math\u00e9matiques) propose &#8220;un acc\u00e8s libre aux m\u00e9tadonn\u00e9es et aux articles de revues de math\u00e9matiques&#8221;.<\/p>\n<p><a href=\"http:\/\/www.mathrice.fr\/\">Mathrice<\/a> est &#8220;un r\u00e9seau de m\u00e9tier qui regroupe les informaticiens des laboratoires de math\u00e9matiques du CNRS diss\u00e9min\u00e9s dans les universit\u00e9s et \u00e9coles d\u2019ing\u00e9nieur fran\u00e7aises&#8221;. Notamment, la <a href=\"http:\/\/plm.math.cnrs.fr\">Plateforme en Ligne Mathrice<\/a> &#8220;propose \u00e0 tout math\u00e9maticien un ensemble de services informatiques, accessibles depuis tout l&#8217;Internet&#8221; dont\u00a0 &#8220;un acc\u00e8s aux bases bibliographiques et aux revues \u00e9lectroniques&#8221;.<\/p>\n<p>Le projet <a href=\"http:\/\/www.istex.fr\/\">ISTEX<\/a>, inscrit dans le programme Investissements d\u2019Avenir, initi\u00e9 par le Minist\u00e8re de l\u2019Enseignement Sup\u00e9rieur et de la Recherche, a &#8220;pour principal objectif d&#8217;offrir, \u00e0 l&#8217;ensemble de la communaut\u00e9 de l\u2019enseignement sup\u00e9rieur et de la recherche, un acc\u00e8s en ligne aux collections r\u00e9trospectives de la litt\u00e9rature scientifique [&#8230;] en engageant une politique nationale d&#8217;acquisition massive de documentation&#8221;. Sur le site de l&#8217;ISTEX on peut lire que &#8220;l&#8217;acc\u00e8s aux ressources documentaires se fera dans un premier temps via les sites Internet des \u00e9diteurs d\u00e8s d\u00e9but 2014, puis courant 2015 via la plateforme ISTEX g\u00e9r\u00e9e par l&#8217;INIST-CNRS.&#8221;<\/p>\n<p>Quelques revues \u00e0 acces libre:<\/p>\n<p><a href=\"https:\/\/cahierstgdc.com\/\">Cahiers de Topologie et G\u00e9om\u00e9trie Diff\u00e9rentielle Cat\u00e9goriques<\/a> <\/p>\n<p><a href=\"http:\/\/www.numdam.org\/journals\/DIA\/\">Diagrammes<\/a><\/p>\n<p><a href=\"http:\/\/www.tac.mta.ca\/tac\/\">Theory and Applications of Categories<\/a><\/p>\n<p><a href=\"http:\/\/www.intlpress.com\/HHA\/\">Homology, Homotopy and Applications<\/a><\/p>\n<p><strong>Mailing lists:<\/strong><\/p>\n<p>La liste <a href=\"http:\/\/www.lmpa.univ-littoral.fr\/SIC\/?page_id=377\">Cat.fr<\/a> sert principalement \u00e0 signaler des manifestations scientifiques pouvant int\u00e9resser les cat\u00e9goriciens (et sympathisants) belges et fran\u00e7ais; Isar Stubbe de l&#8217;Universit\u00e9 du Littoral (Calais, FR) en est actuellement le mod\u00e9rateur.<\/p>\n<p>La <a href=\"https:\/\/ncatlab.org\/nlab\/show\/categories+mailing+list\">Categories\u00a0Mailing List<\/a> (anglophone) existe depuis 1990 et est actuellement mod\u00e9r\u00e9e par Jean-Simon Lemay de la Macquarie University (Sydney, AU). <\/p>\n<p><strong>Math\u00e9matiques et math\u00e9maticiens en France:<\/strong><\/p>\n<p>La <a href=\"http:\/\/smf.emath.fr\/\">Soci\u00e9t\u00e9 Math\u00e9matique de France<\/a><\/p>\n<p>L&#8217;<a href=\"http:\/\/annuaire.emath.fr\">Annuaire de la Communaut\u00e9 Math\u00e9matique Fran\u00e7aise<\/a><\/p>\n<p>Le <a href=\"http:\/\/www.cnrs.fr\/\" rel=\"external\">Centre National de la Recherche Scientifique<\/a><\/p>\n","protected":false},"excerpt":{"rendered":"<p>S\u00e9minaires: Le s\u00e9minaire Cat\u00e9gories, Logiques, Etc&#8230; (CLE) \u00e0 Paris 7, dirig\u00e9 par Anatole Khelif (\u00e9quipe de logique math\u00e9matique, Paris Diderot), &#8220;est consacr\u00e9 \u00e0 la th\u00e9orie des cat\u00e9gories, \u00e0 la logique, etc&#8230;&#8221; Les pages web associ\u00e9es au s\u00e9minaire (sous responsabilit\u00e9 de St\u00e9phane Dugowson) contiennent non-seulement le programme du s\u00e9minaire, mais aussi diverses vid\u00e9os d&#8217;expos\u00e9s et interviews. [&hellip;]<\/p>\n","protected":false},"author":1,"featured_media":0,"parent":0,"menu_order":3,"comment_status":"closed","ping_status":"closed","template":"","meta":[],"_links":{"self":[{"href":"https:\/\/www-lmpa.univ-littoral.fr\/~sic\/wordpress\/index.php?rest_route=\/wp\/v2\/pages\/90"}],"collection":[{"href":"https:\/\/www-lmpa.univ-littoral.fr\/~sic\/wordpress\/index.php?rest_route=\/wp\/v2\/pages"}],"about":[{"href":"https:\/\/www-lmpa.univ-littoral.fr\/~sic\/wordpress\/index.php?rest_route=\/wp\/v2\/types\/page"}],"author":[{"embeddable":true,"href":"https:\/\/www-lmpa.univ-littoral.fr\/~sic\/wordpress\/index.php?rest_route=\/wp\/v2\/users\/1"}],"replies":[{"embeddable":true,"href":"https:\/\/www-lmpa.univ-littoral.fr\/~sic\/wordpress\/index.php?rest_route=%2Fwp%2Fv2%2Fcomments&post=90"}],"version-history":[{"count":10,"href":"https:\/\/www-lmpa.univ-littoral.fr\/~sic\/wordpress\/index.php?rest_route=\/wp\/v2\/pages\/90\/revisions"}],"predecessor-version":[{"id":1500,"href":"https:\/\/www-lmpa.univ-littoral.fr\/~sic\/wordpress\/index.php?rest_route=\/wp\/v2\/pages\/90\/revisions\/1500"}],"wp:attachment":[{"href":"https:\/\/www-lmpa.univ-littoral.fr\/~sic\/wordpress\/index.php?rest_route=%2Fwp%2Fv2%2Fmedia&parent=90"}],"curies":[{"name":"wp","href":"https:\/\/api.w.org\/{rel}","templated":true}]}}